{"id":10,"date":"2014-12-03T17:13:33","date_gmt":"2014-12-03T17:13:33","guid":{"rendered":"http:\/\/schule-glonn.de\/?page_id=10"},"modified":"2021-11-19T09:51:12","modified_gmt":"2021-11-19T09:51:12","slug":"unsere-schule","status":"publish","type":"page","link":"https:\/\/schule-glonn.de\/?page_id=10","title":{"rendered":"Schule mit Courage"},"content":{"rendered":"<h5><strong>Die Grund- und Mittelschule Glonn ist<\/strong><\/h5>\n<h5><strong>Schule gegen Rassismus \u2013 Schule mit Courage<\/strong><\/h5>\n<p><strong><a href=\"http:\/\/schule-glonn.de\/wp-content\/uploads\/2020\/09\/logo_s.m.c.jpg\"><img loading=\"lazy\" decoding=\"async\" class=\"alignnone size-medium wp-image-1271\" src=\"http:\/\/schule-glonn.de\/wp-content\/uploads\/2020\/09\/logo_s.m.c-300x107.jpg\" alt=\"\" width=\"300\" height=\"107\" srcset=\"https:\/\/schule-glonn.de\/wp-content\/uploads\/2020\/09\/logo_s.m.c-300x107.jpg 300w, https:\/\/schule-glonn.de\/wp-content\/uploads\/2020\/09\/logo_s.m.c.jpg 500w\" sizes=\"(max-width: 300px) 100vw, 300px\" \/><\/a><\/strong><\/p>\n<p><strong>Wir machen uns auf den Weg!<\/strong><\/p>\n<p>&nbsp;<\/p>\n<p>Kurz nach den allgemeinen Schulschlie\u00dfungen im April 2020 erhielt die Grund- und Mittelschule Glonn die Best\u00e4tigung, dass sie als <strong>Schule gegen Rassismus &#8211; Schule mit Courage anerkannt<\/strong> worden ist.<\/p>\n<p>Trotz momentan schwieriger Bedingungen freuen wir uns sehr \u00fcber diese Auszeichnung, die zugleich auch mit der Aufforderung verbunden ist, sich als Schulgemeinschaft deutlich gegen alle Formen der Diskriminierung und des Rassismus auszusprechen und dar\u00fcber hinaus sich auch im Schulleben mit Projekten der Sensibilisierung f\u00fcr dieses Thema zu befassen.<\/p>\n<p>Schon seit einem Jahr besch\u00e4ftigte sich die Grund- und Mittelschule in ihrer Steuergruppe Soziales Lernen mit dem Thema rassistischer und diskriminierender \u00c4u\u00dferungen durch vereinzelte Sch\u00fcler*innen. Da dies auch gesamtgesellschaftlich eine zunehmende Bedrohung darstellt, war es uns ein wichtiges Anliegen, im Sinne unseres demokratischen Erziehungs- und Bildungsauftrags zu handeln und uns als gesamte Schulfamilie deutlich gegen jegliche Formen der Diskriminierung und des Rassismus auszusprechen. Engagierte Sch\u00fcler*innen der Grund- und Mittelschule und die Sch\u00fclersprecher informierten alle Sch\u00fcler*innen \u00fcber unser Anliegen und sammelten flei\u00dfig Unterschriften. \u00dcber 90% der Schulfamilie sprachen sich eindeutig gegen jegliche Form der Diskriminierung aus! In einer gro\u00dfen Schulversammlung machten die Sch\u00fcler*innen nochmal explizit darauf aufmerksam wie wichtig ein respektvoller und toleranter Umgang mit allen Sch\u00fcler*innen und Lehrer*innen ist. Weiterf\u00fchrende Informationen erhielten die Lehrer*innen durch den Regionalbeauftragten f\u00fcr Demokratie und Toleranz Thomas Fahrner, der in einer Fortbildung \u00fcber die M\u00f6glichkeiten der Extremismuspr\u00e4vention referierte.<\/p>\n<p>Weitere Projekte, die wir in diesem Schuljahr noch durchf\u00fchren wollten, konnten leider nicht mehr auf Grund der Corona Pandemie stattfinden. So werden wir auf die offizielle Verleihung des Titels durch die Landes- und Bundeskoordination noch etwas warten m\u00fcssen.<\/p>\n<p>&nbsp;<\/p>\n<p>Aber wir sind auf dem Weg!<\/p>\n<p>&nbsp;<\/p>\n<p>Judith Math\u00e4<\/p>\n<p>ehemalige KRin Grund- und Mittelschule Glonn<\/p>\n<p>&nbsp;<\/p>\n<div class=\"clear-block\">\n<div id=\"node-7\" class=\"node\">\n<div class=\"content clear-block\">\n<p>&nbsp;<\/p>\n<\/div>\n<\/div>\n<\/div>\n","protected":false},"excerpt":{"rendered":"<p>Die Grund- und Mittelschule Glonn ist Schule gegen Rassismus \u2013 Schule mit Courage Wir machen uns auf den Weg! &nbsp; Kurz nach den allgemeinen Schulschlie\u00dfungen im April 2020 erhielt die Grund- und Mittelschule Glonn die Best\u00e4tigung, dass sie als Schule gegen Rassismus &#8211; Schule mit Courage anerkannt worden ist. Trotz momentan schwieriger Bedingungen freuen wir uns sehr \u00fcber diese Auszeichnung,<\/p>\n","protected":false},"author":1,"featured_media":0,"parent":36,"menu_order":2,"comment_status":"closed","ping_status":"closed","template":"","meta":{"footnotes":""},"_links":{"self":[{"href":"https:\/\/schule-glonn.de\/index.php?rest_route=\/wp\/v2\/pages\/10"}],"collection":[{"href":"https:\/\/schule-glonn.de\/index.php?rest_route=\/wp\/v2\/pages"}],"about":[{"href":"https:\/\/schule-glonn.de\/index.php?rest_route=\/wp\/v2\/types\/page"}],"author":[{"embeddable":true,"href":"https:\/\/schule-glonn.de\/index.php?rest_route=\/wp\/v2\/users\/1"}],"replies":[{"embeddable":true,"href":"https:\/\/schule-glonn.de\/index.php?rest_route=%2Fwp%2Fv2%2Fcomments&post=10"}],"version-history":[{"count":16,"href":"https:\/\/schule-glonn.de\/index.php?rest_route=\/wp\/v2\/pages\/10\/revisions"}],"predecessor-version":[{"id":1452,"href":"https:\/\/schule-glonn.de\/index.php?rest_route=\/wp\/v2\/pages\/10\/revisions\/1452"}],"up":[{"embeddable":true,"href":"https:\/\/schule-glonn.de\/index.php?rest_route=\/wp\/v2\/pages\/36"}],"wp:attachment":[{"href":"https:\/\/schule-glonn.de\/index.php?rest_route=%2Fwp%2Fv2%2Fmedia&parent=10"}],"curies":[{"name":"wp","href":"https:\/\/api.w.org\/{rel}","templated":true}]}}