{"id":108,"date":"2015-04-16T23:14:37","date_gmt":"2015-04-16T23:14:37","guid":{"rendered":"http:\/\/schule-glonn.de\/?page_id=108"},"modified":"2021-11-19T09:53:29","modified_gmt":"2021-11-19T09:53:29","slug":"schulleitung","status":"publish","type":"page","link":"https:\/\/schule-glonn.de\/?page_id=108","title":{"rendered":"Schulleitung"},"content":{"rendered":"<p><strong>Schulleitung<\/strong><\/p>\n<div class=\"clear-block\">\n<div id=\"node-7\" class=\"node\">\n<div class=\"content clear-block\">\n<p>&nbsp;<\/p>\n<table cellspacing=\"1\" cellpadding=\"1\" align=\"center\">\n<tbody>\n<tr>\n<td><\/td>\n<td>\u00a0 \u00a0 \u00a0 \u00a0 \u00a0 \u00a0 \u00a0 \u00a0 \u00a0 \u00a0 \u00a0<img loading=\"lazy\" decoding=\"async\" class=\"alignleft\" style=\"font-size: 15.2015px;\" src=\"https:\/\/web.archive.org\/web\/20131207134646im_\/http:\/\/volksschule-glonn.de\/sites\/default\/files\/Doris%20Passbild2.jpg\" alt=\"\" width=\"140\" height=\"201\" align=\"middle\" hspace=\"40\" \/><\/td>\n<\/tr>\n<tr>\n<td><\/td>\n<td><strong>Doris Pfefferkorn\u00a0 <\/strong>Rektorin\u00a0 \u00a0 \u00a0 \u00a0 <b>Claudia Zetl\u00a0 <\/b>Konrektorin<\/td>\n<\/tr>\n<\/tbody>\n<\/table>\n<table cellspacing=\"1\" cellpadding=\"1\" align=\"left\">\n<tbody>\n<tr>\n<td>Wir wollen an unserer Glonner Schule wertsch\u00e4tzend, h\u00f6flich und r\u00fccksichtsvoll miteinander umgehen, die Gemeinschaft st\u00e4rken, sowie unsere Kinder individuell f\u00f6rdern und fordern. Die Sch\u00fclerinnen und Sch\u00fcler sollen mit Freude und ohne Angst in die Schule gehen. Deshalb versuchen wir, sie in ihrem Selbstwertgef\u00fchl zu st\u00e4rken und sie auf die Berufswahl vorzubereiten. Motivation und Flei\u00df sind dabei Voraussetzungen f\u00fcr den Erfolg. Ebenso wichtig sind f\u00fcr uns eine offene, kommunikative Zusammenarbeit mit den Erziehungsberechtigten, Kooperation mit externen Partnern und eine traditionsorientierte Beziehung zu unserer Gemeinde.<\/td>\n<\/tr>\n<\/tbody>\n<\/table>\n<\/div>\n<\/div>\n<\/div>\n","protected":false},"excerpt":{"rendered":"<p>Schulleitung &nbsp; \u00a0 \u00a0 \u00a0 \u00a0 \u00a0 \u00a0 \u00a0 \u00a0 \u00a0 \u00a0 \u00a0 Doris Pfefferkorn\u00a0 Rektorin\u00a0 \u00a0 \u00a0 \u00a0 Claudia Zetl\u00a0 Konrektorin Wir wollen an unserer Glonner Schule wertsch\u00e4tzend, h\u00f6flich und r\u00fccksichtsvoll miteinander umgehen, die Gemeinschaft st\u00e4rken, sowie unsere Kinder individuell f\u00f6rdern und fordern. Die Sch\u00fclerinnen und Sch\u00fcler sollen mit Freude und ohne Angst in die Schule gehen. Deshalb versuchen<\/p>\n","protected":false},"author":1,"featured_media":0,"parent":1453,"menu_order":1,"comment_status":"closed","ping_status":"closed","template":"","meta":{"footnotes":""},"_links":{"self":[{"href":"https:\/\/schule-glonn.de\/index.php?rest_route=\/wp\/v2\/pages\/108"}],"collection":[{"href":"https:\/\/schule-glonn.de\/index.php?rest_route=\/wp\/v2\/pages"}],"about":[{"href":"https:\/\/schule-glonn.de\/index.php?rest_route=\/wp\/v2\/types\/page"}],"author":[{"embeddable":true,"href":"https:\/\/schule-glonn.de\/index.php?rest_route=\/wp\/v2\/users\/1"}],"replies":[{"embeddable":true,"href":"https:\/\/schule-glonn.de\/index.php?rest_route=%2Fwp%2Fv2%2Fcomments&post=108"}],"version-history":[{"count":12,"href":"https:\/\/schule-glonn.de\/index.php?rest_route=\/wp\/v2\/pages\/108\/revisions"}],"predecessor-version":[{"id":1425,"href":"https:\/\/schule-glonn.de\/index.php?rest_route=\/wp\/v2\/pages\/108\/revisions\/1425"}],"up":[{"embeddable":true,"href":"https:\/\/schule-glonn.de\/index.php?rest_route=\/wp\/v2\/pages\/1453"}],"wp:attachment":[{"href":"https:\/\/schule-glonn.de\/index.php?rest_route=%2Fwp%2Fv2%2Fmedia&parent=108"}],"curies":[{"name":"wp","href":"https:\/\/api.w.org\/{rel}","templated":true}]}}