{"id":110,"date":"2015-04-16T23:15:29","date_gmt":"2015-04-16T23:15:29","guid":{"rendered":"http:\/\/schule-glonn.de\/?page_id=110"},"modified":"2024-11-19T12:02:21","modified_gmt":"2024-11-19T12:02:21","slug":"kollegium","status":"publish","type":"page","link":"https:\/\/schule-glonn.de\/?page_id=110","title":{"rendered":"Kollegium"},"content":{"rendered":"<p><strong>Das Kollegium der Grund- und Mittelschule Glonn<\/strong><\/p>\n<p><strong>Klassenlehrkr\u00e4fte:<\/strong><\/p>\n<p>1a Frau Ditterich<\/p>\n<p>1b Frau Halmanseger<\/p>\n<p>1c Frau Lechner (Antholing)<\/p>\n<p>2a Frau Riedl<\/p>\n<p>2b Frau Harder<\/p>\n<p>2c Frau Ga\u00dfner (Antholing)<\/p>\n<p>3a Frau Stacheter<\/p>\n<p>3b Frau Lenhard<\/p>\n<p>3c Frau Knappik (Antholing)<\/p>\n<p>4a Frau Emmerich<\/p>\n<p>4b Frau Kretzschmar (Antholing)<\/p>\n<p>5a Frau Schauer<\/p>\n<p>6a Frau N\u00fc\u00dflein<\/p>\n<p>6b Herr Bachleitner<\/p>\n<p>7a Herr Sch\u00f6rghuber<\/p>\n<p>7b Frau Hansen<\/p>\n<p>8a Frau Moser<\/p>\n<p>9a Herr Strau\u00df<\/p>\n<p><strong>Weitere Lehrkr\u00e4fte: <\/strong><\/p>\n<p>Herr Auer<\/p>\n<p>Frau Brunnlechner<\/p>\n<p>Frau Franz<\/p>\n<p>Frau Fratzscher<\/p>\n<p>Frau Frey<\/p>\n<p>Frau Greubel<\/p>\n<p>Frau Ivonina<\/p>\n<p>Herr Posch<\/p>\n<p>Frau Raig<\/p>\n<p>Frau Ruck<\/p>\n<p>Herr Schmidt<\/p>\n<p>Frau Schuler<\/p>\n<p>Frau Wei\u00dfer<\/p>\n<p>Frau Zetl<\/p>\n","protected":false},"excerpt":{"rendered":"<p>Das Kollegium der Grund- und Mittelschule Glonn Klassenlehrkr\u00e4fte: 1a Frau Ditterich 1b Frau Halmanseger 1c Frau Lechner (Antholing) 2a Frau Riedl 2b Frau Harder 2c Frau Ga\u00dfner (Antholing) 3a Frau Stacheter 3b Frau Lenhard 3c Frau Knappik (Antholing) 4a Frau Emmerich 4b Frau Kretzschmar (Antholing) 5a Frau Schauer 6a Frau N\u00fc\u00dflein 6b Herr Bachleitner 7a Herr Sch\u00f6rghuber 7b Frau Hansen<\/p>\n","protected":false},"author":1,"featured_media":0,"parent":1453,"menu_order":3,"comment_status":"closed","ping_status":"closed","template":"","meta":{"footnotes":""},"_links":{"self":[{"href":"https:\/\/schule-glonn.de\/index.php?rest_route=\/wp\/v2\/pages\/110"}],"collection":[{"href":"https:\/\/schule-glonn.de\/index.php?rest_route=\/wp\/v2\/pages"}],"about":[{"href":"https:\/\/schule-glonn.de\/index.php?rest_route=\/wp\/v2\/types\/page"}],"author":[{"embeddable":true,"href":"https:\/\/schule-glonn.de\/index.php?rest_route=\/wp\/v2\/users\/1"}],"replies":[{"embeddable":true,"href":"https:\/\/schule-glonn.de\/index.php?rest_route=%2Fwp%2Fv2%2Fcomments&post=110"}],"version-history":[{"count":19,"href":"https:\/\/schule-glonn.de\/index.php?rest_route=\/wp\/v2\/pages\/110\/revisions"}],"predecessor-version":[{"id":1771,"href":"https:\/\/schule-glonn.de\/index.php?rest_route=\/wp\/v2\/pages\/110\/revisions\/1771"}],"up":[{"embeddable":true,"href":"https:\/\/schule-glonn.de\/index.php?rest_route=\/wp\/v2\/pages\/1453"}],"wp:attachment":[{"href":"https:\/\/schule-glonn.de\/index.php?rest_route=%2Fwp%2Fv2%2Fmedia&parent=110"}],"curies":[{"name":"wp","href":"https:\/\/api.w.org\/{rel}","templated":true}]}}