{"id":1236,"date":"2020-09-01T08:25:06","date_gmt":"2020-09-01T08:25:06","guid":{"rendered":"http:\/\/schule-glonn.de\/?page_id=1236"},"modified":"2024-11-19T12:06:48","modified_gmt":"2024-11-19T12:06:48","slug":"mittelschule","status":"publish","type":"page","link":"https:\/\/schule-glonn.de\/?page_id=1236","title":{"rendered":"Mittelschule"},"content":{"rendered":"<h5><u>Was macht uns aus?<\/u><\/h5>\n<p>Uns ist es wichtig, dass sich alle, die an unserer Schule arbeiten, wohl f\u00fchlen und gerne jeden Tag in die Schule gehen. Daher legen wir sehr viel Wert auf ein <strong>soziales Miteinander<\/strong>, das gepr\u00e4gt ist von <strong>Respekt, Toleranz und Gewaltfreiheit.<\/strong><\/p>\n<p><a href=\"http:\/\/schule-glonn.de\/wp-content\/uploads\/2020\/09\/logo_s.m.c.jpg\"><img loading=\"lazy\" decoding=\"async\" class=\"alignnone size-medium wp-image-1271\" src=\"http:\/\/schule-glonn.de\/wp-content\/uploads\/2020\/09\/logo_s.m.c-300x107.jpg\" alt=\"\" width=\"300\" height=\"107\" srcset=\"https:\/\/schule-glonn.de\/wp-content\/uploads\/2020\/09\/logo_s.m.c-300x107.jpg 300w, https:\/\/schule-glonn.de\/wp-content\/uploads\/2020\/09\/logo_s.m.c.jpg 500w\" sizes=\"(max-width: 300px) 100vw, 300px\" \/><\/a><\/p>\n<p>Themen des <strong>sozialen Lernens<\/strong> stellen einen Schwerpunkt unserer <strong>Projektarbeit<\/strong> dar. Wir m\u00f6chten unsere Sch\u00fcler*innen zu <strong>selbstbewussten, starken Menschen<\/strong> erziehen und ihnen das R\u00fcstzeug f\u00fcr ihr weiteres Schul-bzw. Berufsleben mitgeben.<\/p>\n<p>Daher ist ein weiterer Schwerpunkt die <strong>Berufsorientierung<\/strong>, wobei wir hier mit den Betrieben aus unserer Region eng zusammenarbeiten.<\/p>\n<p>Wir f\u00f6rdern und fordern unsere Sch\u00fcler*innen und erwarten eine <strong>motivierte, interessierte Arbeitshaltung<\/strong>, wobei klare Regeln f\u00fcr Transparenz und Zuverl\u00e4ssigkeit sorgen.<\/p>\n<p>Die <strong>Achtsamkeit den Menschen und der Natur<\/strong> gegen\u00fcber pr\u00e4gt unser Handeln und unsere schulischen Themen.<\/p>\n<p>Wir verstehen uns als eine <strong>Schule des Lesens<\/strong>. Daher steht das Lesen im Mittelpunkt des Unterrichts und unserer Projektarbeit.<\/p>\n<p><u>Wer sind wir?<\/u><\/p>\n<p>Unserer Schule zeichnet sich durch eine famili\u00e4re Atmosph\u00e4re aus. Wir sind im Durchschnitt ca. 120 Sch\u00fcler*innen, die in kleinen Klassen von den jeweiligen Klassenlehrer*innen unterrichtet werden.<\/p>\n<p><strong>Unser Profil:<\/strong><\/p>\n<p>In unseren vielf\u00e4ltigen Projekten setzen wir unser Profil<\/p>\n<p><strong>des sozialen und respektvollen Miteinanders, des achtsamen Umgangs mit Klima und Umwelt, der praxisbezogenen Berufsorientierung- und Berufsvorbereitung und der Lesef\u00f6rderung um.<\/strong><\/p>\n<p><u>Fachliche Inhalte<\/u><\/p>\n<ul>\n<li><strong>Stundentafel: <\/strong><\/li>\n<li>Deutsch<\/li>\n<li>Mathematik<\/li>\n<li>Englisch<\/li>\n<li>GPG (Geschichte-Politik-Sozialkunde)<\/li>\n<li>NT (Natur und Technik)<\/li>\n<li>WiB (Wirtschaft und Beruf)<\/li>\n<li>WG (Werken und Gestalten)<\/li>\n<li>Informatik<\/li>\n<li>Katholische\/Evangelische Religionslehre<\/li>\n<li>Ethik<\/li>\n<li>Kunst<\/li>\n<li>Musik<\/li>\n<li>Sport<\/li>\n<\/ul>\n<ul>\n<li><strong>F\u00f6rderunterricht:<\/strong><\/li>\n<li>Deutsch als Zweitsprache<\/li>\n<\/ul>\n<ul>\n<li>Ab der 7. Klasse wird die Stundentafel erg\u00e4nzt durch die <strong>BoZ (Berufsorientierender Zweig) \u2013 F\u00e4cher:<\/strong><\/li>\n<li>Ern\u00e4hrung und Soziales<\/li>\n<li>Technik<\/li>\n<li>Wirtschaft und Kommunikation<\/li>\n<\/ul>\n<p><u>Berufsorientierung und Berufswegplanung<\/u><strong>\u00a0<\/strong><\/p>\n<p><strong>Uns ist es wichtig, unsere Sch\u00fcler*innen ab der 5. Klasse an das Berufsleben auch praxisorientiert heranzuf\u00fchren durch:<\/strong><\/p>\n<p><strong>\u00a0<\/strong><\/p>\n<ul>\n<li>WiB (Wirtschaft und Beruf) \u2013 Betriebserkundungen \u2013 Kooperation mit regionalen Betrieben<\/li>\n<\/ul>\n<p><a href=\"http:\/\/schule-glonn.de\/wp-content\/uploads\/2020\/09\/Reisenthal-6.jpg\"><img loading=\"lazy\" decoding=\"async\" class=\"alignnone size-medium wp-image-1273\" src=\"http:\/\/schule-glonn.de\/wp-content\/uploads\/2020\/09\/Reisenthal-6-200x300.jpg\" alt=\"\" width=\"200\" height=\"300\" srcset=\"https:\/\/schule-glonn.de\/wp-content\/uploads\/2020\/09\/Reisenthal-6-200x300.jpg 200w, https:\/\/schule-glonn.de\/wp-content\/uploads\/2020\/09\/Reisenthal-6-768x1152.jpg 768w, https:\/\/schule-glonn.de\/wp-content\/uploads\/2020\/09\/Reisenthal-6-683x1024.jpg 683w, https:\/\/schule-glonn.de\/wp-content\/uploads\/2020\/09\/Reisenthal-6.jpg 1024w\" sizes=\"(max-width: 200px) 100vw, 200px\" \/><\/a><\/p>\n<ul>\n<li>Betriebspraktika<\/li>\n<li>BOK Kirchseeon (Profilanalyse)<\/li>\n<li>Bewerbungstraining<\/li>\n<li>Meisterrunde<\/li>\n<li>Kooperation mit Berufsberatung und Berufseinstiegsbegleiter*innen<\/li>\n<\/ul>\n<p><u>\u00dcberblick Schulab- und anschl\u00fcsse (Kein Abschluss ohne Anschluss)<\/u><\/p>\n<p>An unserer Schule kann der qualifizierende Abschluss der Mittelschule erworben werden. Danach ist es m\u00f6glich an die Vorbereitungsklasse in A\u00dfling oder die M 10 in Ebersberg zu wechseln, um den MSA (Mittlerer Schulabschluss) zu erreichen.<\/p>\n<ol start=\"5\">\n<li><em> Klasse \u2192 Wechsel an Realschule mit Durchschnitt 2,5<\/em><\/li>\n<\/ol>\n<p><em>\u00a0\u00a0\u00a0\u00a0\u00a0\u00a0\u00a0\u00a0\u00a0\u00a0\u00a0\u00a0\u00a0\u00a0\u00a0 \u00a0\u2192 Wechsel an Gymnasium mit Durchschnitt 2,0<\/em><\/p>\n<ol start=\"6\">\n<li><em> Klasse \u2192 Wechsel an M (Mittlere Reife) &#8211; Zweig mit Durchschnitt 2,66<\/em><\/li>\n<li><em> Klasse \u2192 Wechsel an M &#8211; Zweig mit Duschschnitt 2,33<\/em><\/li>\n<li><em> Klasse \u2192 Wechsel an M &#8211; Zweig mit Durchschnitt 2,33<\/em><\/li>\n<li><em> Klasse \u2192 Wechsel an M \u2013 Zweig (M 10) mit Durchschnitt 2,33 oder <\/em><\/li>\n<\/ol>\n<p><em>\u00a0\u00a0 Vorbereitungsklasse mit Durchschnitt 2,5<\/em><\/p>\n<ol start=\"10\">\n<li><em> Klasse \u2192 Mittlerer Schulabschluss<\/em><\/li>\n<\/ol>\n<p><em>\u00a0\u00a0\u00a0\u00a0\u00a0 FOS \u2192 Fachabitur<\/em><\/p>\n<p><strong>\u00a0<\/strong><\/p>\n<p><u>Unser Schulleben<\/u><strong>\u00a0<\/strong><\/p>\n<ul>\n<li>Regelm\u00e4\u00dfige Schulversammlungen<\/li>\n<li>Ausbildung von Streitschlichter*innen<\/li>\n<li>Mittelsch\u00fcler*innen sind Lesepat*innen f\u00fcr die Grundsch\u00fcler*innen<\/li>\n<li>Vorlesetage<\/li>\n<\/ul>\n<p><a href=\"http:\/\/schule-glonn.de\/wp-content\/uploads\/2020\/09\/Vorlesetag_20.jpg\"><img loading=\"lazy\" decoding=\"async\" class=\"alignnone size-medium wp-image-1275\" src=\"http:\/\/schule-glonn.de\/wp-content\/uploads\/2020\/09\/Vorlesetag_20-300x200.jpg\" alt=\"\" width=\"300\" height=\"200\" srcset=\"https:\/\/schule-glonn.de\/wp-content\/uploads\/2020\/09\/Vorlesetag_20-300x200.jpg 300w, https:\/\/schule-glonn.de\/wp-content\/uploads\/2020\/09\/Vorlesetag_20-768x512.jpg 768w, https:\/\/schule-glonn.de\/wp-content\/uploads\/2020\/09\/Vorlesetag_20.jpg 1024w\" sizes=\"(max-width: 300px) 100vw, 300px\" \/><\/a> <a href=\"http:\/\/schule-glonn.de\/wp-content\/uploads\/2020\/09\/Vorlesetag_GSch\u00fcler.jpg\"><img loading=\"lazy\" decoding=\"async\" class=\"alignnone size-medium wp-image-1276\" src=\"http:\/\/schule-glonn.de\/wp-content\/uploads\/2020\/09\/Vorlesetag_GSch\u00fcler-300x200.jpg\" alt=\"\" width=\"300\" height=\"200\" srcset=\"https:\/\/schule-glonn.de\/wp-content\/uploads\/2020\/09\/Vorlesetag_GSch\u00fcler-300x200.jpg 300w, https:\/\/schule-glonn.de\/wp-content\/uploads\/2020\/09\/Vorlesetag_GSch\u00fcler-768x512.jpg 768w, https:\/\/schule-glonn.de\/wp-content\/uploads\/2020\/09\/Vorlesetag_GSch\u00fcler.jpg 1024w\" sizes=\"(max-width: 300px) 100vw, 300px\" \/><\/a><\/p>\n<ul>\n<li>Lesestrategietage<\/li>\n<\/ul>\n<ul>\n<li>Kulturtage (Theaterbesuche)<\/li>\n<\/ul>\n<p><a href=\"http:\/\/schule-glonn.de\/wp-content\/uploads\/2020\/09\/Alice-im-Wunderland_Foto_Aurin-18.jpg\"><img loading=\"lazy\" decoding=\"async\" class=\"alignnone size-medium wp-image-1278\" src=\"http:\/\/schule-glonn.de\/wp-content\/uploads\/2020\/09\/Alice-im-Wunderland_Foto_Aurin-18-300x200.jpg\" alt=\"\" width=\"300\" height=\"200\" srcset=\"https:\/\/schule-glonn.de\/wp-content\/uploads\/2020\/09\/Alice-im-Wunderland_Foto_Aurin-18-300x200.jpg 300w, https:\/\/schule-glonn.de\/wp-content\/uploads\/2020\/09\/Alice-im-Wunderland_Foto_Aurin-18-768x513.jpg 768w, https:\/\/schule-glonn.de\/wp-content\/uploads\/2020\/09\/Alice-im-Wunderland_Foto_Aurin-18.jpg 1024w\" sizes=\"(max-width: 300px) 100vw, 300px\" \/>\u00a0<\/a><a href=\"http:\/\/schule-glonn.de\/wp-content\/uploads\/2020\/09\/Kino_unendl.Gesch_.jpg\"><img loading=\"lazy\" decoding=\"async\" class=\"alignnone size-medium wp-image-1279\" src=\"http:\/\/schule-glonn.de\/wp-content\/uploads\/2020\/09\/Kino_unendl.Gesch_-300x200.jpg\" alt=\"\" width=\"300\" height=\"200\" srcset=\"https:\/\/schule-glonn.de\/wp-content\/uploads\/2020\/09\/Kino_unendl.Gesch_-300x200.jpg 300w, https:\/\/schule-glonn.de\/wp-content\/uploads\/2020\/09\/Kino_unendl.Gesch_-768x512.jpg 768w, https:\/\/schule-glonn.de\/wp-content\/uploads\/2020\/09\/Kino_unendl.Gesch_.jpg 1024w\" sizes=\"(max-width: 300px) 100vw, 300px\" \/><\/a><\/p>\n<ul>\n<li>Wintersporttag<\/li>\n<li>Sommersporttag<\/li>\n<li>Kooperation mit B\u00fccherei Glonn<\/li>\n<\/ul>\n<p><u>Unsere Projektarbeit<\/u><\/p>\n<ul>\n<li>Wir sind <strong>Klimaschule<\/strong>: Durchf\u00fchrung von Projekten im Bereich Umwelt- und Klimaschutz.<\/li>\n<\/ul>\n<p><a href=\"http:\/\/schule-glonn.de\/wp-content\/uploads\/2020\/09\/Klimaschule_alt.jpg\"><img loading=\"lazy\" decoding=\"async\" class=\"alignnone size-medium wp-image-1281\" src=\"http:\/\/schule-glonn.de\/wp-content\/uploads\/2020\/09\/Klimaschule_alt-300x225.jpg\" alt=\"\" width=\"300\" height=\"225\" srcset=\"https:\/\/schule-glonn.de\/wp-content\/uploads\/2020\/09\/Klimaschule_alt-300x225.jpg 300w, https:\/\/schule-glonn.de\/wp-content\/uploads\/2020\/09\/Klimaschule_alt-768x576.jpg 768w, https:\/\/schule-glonn.de\/wp-content\/uploads\/2020\/09\/Klimaschule_alt.jpg 1024w\" sizes=\"(max-width: 300px) 100vw, 300px\" \/><\/a><\/p>\n<ul>\n<li>Wir sind <strong>Schule ohne Rassismus-Schule mit Courage<\/strong>: Durchf\u00fchrung von Projekten f\u00fcr ein respektvolles, tolerantes Miteinander.<\/li>\n<\/ul>\n<p><a href=\"http:\/\/schule-glonn.de\/wp-content\/uploads\/2020\/09\/logo_s.m.c.jpg\"><img loading=\"lazy\" decoding=\"async\" class=\"alignnone size-medium wp-image-1271\" src=\"http:\/\/schule-glonn.de\/wp-content\/uploads\/2020\/09\/logo_s.m.c-300x107.jpg\" alt=\"\" width=\"300\" height=\"107\" srcset=\"https:\/\/schule-glonn.de\/wp-content\/uploads\/2020\/09\/logo_s.m.c-300x107.jpg 300w, https:\/\/schule-glonn.de\/wp-content\/uploads\/2020\/09\/logo_s.m.c.jpg 500w\" sizes=\"(max-width: 300px) 100vw, 300px\" \/><\/a><\/p>\n<ul>\n<li><strong>Wir f\u00f6rdern das Lesen: <\/strong>Vorlesetag, Lesepat*innen, Projekt: Schulb\u00fccherei, Lesestrategietage.<\/li>\n<\/ul>\n<p><strong><a href=\"http:\/\/schule-glonn.de\/wp-content\/uploads\/2020\/09\/Vorlesetag_Stellwand.jpg\"><img loading=\"lazy\" decoding=\"async\" class=\"alignnone size-medium wp-image-1283\" src=\"http:\/\/schule-glonn.de\/wp-content\/uploads\/2020\/09\/Vorlesetag_Stellwand-300x200.jpg\" alt=\"\" width=\"300\" height=\"200\" srcset=\"https:\/\/schule-glonn.de\/wp-content\/uploads\/2020\/09\/Vorlesetag_Stellwand-300x200.jpg 300w, https:\/\/schule-glonn.de\/wp-content\/uploads\/2020\/09\/Vorlesetag_Stellwand-768x512.jpg 768w, https:\/\/schule-glonn.de\/wp-content\/uploads\/2020\/09\/Vorlesetag_Stellwand.jpg 1024w\" sizes=\"(max-width: 300px) 100vw, 300px\" \/><\/a>\u00a0<\/strong><\/p>\n<p><u>Unsere Netzwerke und Kooperationen<\/u><\/p>\n<ul>\n<li>Schulsozialarbeiterin (JaS): A. Babic<\/li>\n<li>Beratungslehrerin: Frau Catharina Strehle<\/li>\n<li>Beratungslehrer: Herr Strau\u00df<\/li>\n<li>Schulpsychologin: D. Frey<\/li>\n<li>Agentur f\u00fcr Arbeit, Berufseinstiegsbegleitung<\/li>\n<li>Elternbeirat<\/li>\n<li>F\u00f6rderverein<\/li>\n<li>Hort<\/li>\n<\/ul>\n<p><strong>\u00a0<\/strong><\/p>\n<p><u>Das ist uns wichtig!<\/u><\/p>\n<p>Im Mittelpunkt steht f\u00fcr uns <strong>der\/ die einzelne Sch\u00fcler*in<\/strong>. Das <strong>Klassenleiterprinzip<\/strong> und die famili\u00e4re Atmosph\u00e4re erm\u00f6glicht es uns jeden Einzelnen\/jede Einzelne im Schulalltag zu <strong>begleiten und zu beraten<\/strong>. <strong>Kommunikation<\/strong> steht f\u00fcr uns an erster Stelle \u2013 daher arbeiten wir eng mit den Eltern zusammen. In unserer Schule sollen die Sch\u00fcler*innen durch das soziale Miteinander und die Projektarbeit die <strong>sozialen Kompetenzen<\/strong> erwerben, die sowohl f\u00fcr das gesellschaftliche als auch das berufliche Leben notwendig sind. Unsere Sch\u00fcler*innen erwerben das <strong>fachliche Wissen<\/strong>, um zu entscheiden ob sie nach der 9. Klasse eine Ausbildung beginnen oder noch einen weiteren schulischen Abschluss anstreben.<\/p>\n","protected":false},"excerpt":{"rendered":"<p>Was macht uns aus? Uns ist es wichtig, dass sich alle, die an unserer Schule arbeiten, wohl f\u00fchlen und gerne jeden Tag in die Schule gehen. Daher legen wir sehr viel Wert auf ein soziales Miteinander, das gepr\u00e4gt ist von Respekt, Toleranz und Gewaltfreiheit. Themen des sozialen Lernens stellen einen Schwerpunkt unserer Projektarbeit dar. Wir m\u00f6chten unsere Sch\u00fcler*innen zu selbstbewussten,<\/p>\n","protected":false},"author":2,"featured_media":0,"parent":0,"menu_order":4,"comment_status":"closed","ping_status":"closed","template":"","meta":{"footnotes":""},"_links":{"self":[{"href":"https:\/\/schule-glonn.de\/index.php?rest_route=\/wp\/v2\/pages\/1236"}],"collection":[{"href":"https:\/\/schule-glonn.de\/index.php?rest_route=\/wp\/v2\/pages"}],"about":[{"href":"https:\/\/schule-glonn.de\/index.php?rest_route=\/wp\/v2\/types\/page"}],"author":[{"embeddable":true,"href":"https:\/\/schule-glonn.de\/index.php?rest_route=\/wp\/v2\/users\/2"}],"replies":[{"embeddable":true,"href":"https:\/\/schule-glonn.de\/index.php?rest_route=%2Fwp%2Fv2%2Fcomments&post=1236"}],"version-history":[{"count":14,"href":"https:\/\/schule-glonn.de\/index.php?rest_route=\/wp\/v2\/pages\/1236\/revisions"}],"predecessor-version":[{"id":1773,"href":"https:\/\/schule-glonn.de\/index.php?rest_route=\/wp\/v2\/pages\/1236\/revisions\/1773"}],"wp:attachment":[{"href":"https:\/\/schule-glonn.de\/index.php?rest_route=%2Fwp%2Fv2%2Fmedia&parent=1236"}],"curies":[{"name":"wp","href":"https:\/\/api.w.org\/{rel}","templated":true}]}}