{"id":1468,"date":"2021-12-08T12:12:37","date_gmt":"2021-12-08T12:12:37","guid":{"rendered":"http:\/\/schule-glonn.de\/?page_id=1468"},"modified":"2024-01-22T11:27:17","modified_gmt":"2024-01-22T11:27:17","slug":"informationen-zum-uebertritt","status":"publish","type":"page","link":"https:\/\/schule-glonn.de\/?page_id=1468","title":{"rendered":"Informationen zum \u00dcbertritt"},"content":{"rendered":"<p><span style=\"font-size: 15.2015px;\">Diese Information soll die Gelegenheit geben, sich nochmals ausf\u00fchrlich \u00fcber die m\u00f6glichen Wege der Sch\u00fcler*innen nach der 4. Klasse zu informieren und enth\u00e4lt auch ganz konkrete Gedankenanst\u00f6\u00dfe, die bei der Schulwahl wichtig sein k\u00f6nnen.<\/span><\/p>\n<p><a href=\"http:\/\/schule-glonn.de\/wp-content\/uploads\/2022\/02\/21_22-Ha\u0308ufig-gestellte-Fragen-zum-U\u0308bertritt-allgemein.pdf\">2<\/a><a style=\"font-size: 0.95em;\" href=\"http:\/\/schule-glonn.de\/wp-content\/uploads\/2022\/02\/21_22-Ha\u0308ufig-gestellte-Fragen-zum-U\u0308bertritt-allgemein.pdf\">1_22 Ha\u0308ufig gestellte Fragen zum U\u0308bertritt allgemein<\/a><\/p>\n<p><a style=\"font-size: 0.95em;\" href=\"http:\/\/schule-glonn.de\/wp-content\/uploads\/2022\/02\/STMUK_Die_bayerische_Grundschule.pdf\">STMUK_Die_bayerische_Grundschule<\/a><\/p>\n<p><a style=\"font-size: 0.95em;\" href=\"http:\/\/schule-glonn.de\/wp-content\/uploads\/2022\/02\/STMUK_Das_bayerische_Schulsystem_2022_Digitaler_Versand_Kopie.pdf\">STMUK_Das_bayerische_Schulsystem_2022_Digitaler_Versand_(Kopie)<\/a><\/p>\n<p><a href=\"https:\/\/schule-glonn.de\/wp-content\/uploads\/2024\/01\/Informationen-zu-zusaetzlichen-Beratungsgespraechen-zum-Uebertritt-fuer-Erziehungsberechtigte.pdf\">Informationen-zu-zusaetzlichen-Beratungsgespraechen-zum-Uebertritt-fuer-Erziehungsberechtigte<\/a><\/p>\n","protected":false},"excerpt":{"rendered":"<p>Diese Information soll die Gelegenheit geben, sich nochmals ausf\u00fchrlich \u00fcber die m\u00f6glichen Wege der Sch\u00fcler*innen nach der 4. Klasse zu informieren und enth\u00e4lt auch ganz konkrete Gedankenanst\u00f6\u00dfe, die bei der Schulwahl wichtig sein k\u00f6nnen. 21_22 Ha\u0308ufig gestellte Fragen zum U\u0308bertritt allgemein STMUK_Die_bayerische_Grundschule STMUK_Das_bayerische_Schulsystem_2022_Digitaler_Versand_(Kopie) Informationen-zu-zusaetzlichen-Beratungsgespraechen-zum-Uebertritt-fuer-Erziehungsberechtigte<\/p>\n","protected":false},"author":2,"featured_media":0,"parent":12,"menu_order":0,"comment_status":"closed","ping_status":"closed","template":"","meta":{"footnotes":""},"_links":{"self":[{"href":"https:\/\/schule-glonn.de\/index.php?rest_route=\/wp\/v2\/pages\/1468"}],"collection":[{"href":"https:\/\/schule-glonn.de\/index.php?rest_route=\/wp\/v2\/pages"}],"about":[{"href":"https:\/\/schule-glonn.de\/index.php?rest_route=\/wp\/v2\/types\/page"}],"author":[{"embeddable":true,"href":"https:\/\/schule-glonn.de\/index.php?rest_route=\/wp\/v2\/users\/2"}],"replies":[{"embeddable":true,"href":"https:\/\/schule-glonn.de\/index.php?rest_route=%2Fwp%2Fv2%2Fcomments&post=1468"}],"version-history":[{"count":4,"href":"https:\/\/schule-glonn.de\/index.php?rest_route=\/wp\/v2\/pages\/1468\/revisions"}],"predecessor-version":[{"id":1660,"href":"https:\/\/schule-glonn.de\/index.php?rest_route=\/wp\/v2\/pages\/1468\/revisions\/1660"}],"up":[{"embeddable":true,"href":"https:\/\/schule-glonn.de\/index.php?rest_route=\/wp\/v2\/pages\/12"}],"wp:attachment":[{"href":"https:\/\/schule-glonn.de\/index.php?rest_route=%2Fwp%2Fv2%2Fmedia&parent=1468"}],"curies":[{"name":"wp","href":"https:\/\/api.w.org\/{rel}","templated":true}]}}