{"id":1522,"date":"2022-05-06T10:52:46","date_gmt":"2022-05-06T10:52:46","guid":{"rendered":"http:\/\/schule-glonn.de\/?page_id=1522"},"modified":"2022-05-06T11:17:19","modified_gmt":"2022-05-06T11:17:19","slug":"pausenverkauf-der-klasse-8a","status":"publish","type":"page","link":"https:\/\/schule-glonn.de\/?page_id=1522","title":{"rendered":"Pausenverkauf der Klasse 8a"},"content":{"rendered":"<p style=\"text-align: center;\"><a href=\"http:\/\/schule-glonn.de\/wp-content\/uploads\/2022\/03\/IMG_6523-e1648196940288.jpg\"><img loading=\"lazy\" decoding=\"async\" class=\"size-medium wp-image-1501 aligncenter\" src=\"http:\/\/schule-glonn.de\/wp-content\/uploads\/2022\/03\/IMG_6523-e1648196940288-225x300.jpg\" alt=\"\" width=\"225\" height=\"300\" srcset=\"https:\/\/schule-glonn.de\/wp-content\/uploads\/2022\/03\/IMG_6523-e1648196940288-225x300.jpg 225w, https:\/\/schule-glonn.de\/wp-content\/uploads\/2022\/03\/IMG_6523-e1648196940288-768x1024.jpg 768w\" sizes=\"(max-width: 225px) 100vw, 225px\" \/><\/a><\/p>\n<p>&nbsp;<\/p>\n<p><strong>Pausenverkauf zugunsten ukrainischer Fl\u00fcchtlinge<\/strong><\/p>\n<p>In der Woche vom 14. bis zum 18. M\u00e4rz 2022 fand an unserer Schule an vier Tagen ein Pausenverkauf zu Gunsten der Ukraine statt.<\/p>\n<p>Die Sch\u00fclerInnen der 8. Klasse haben jeden Morgen flei\u00dfig Semmeln belegt und Brezen geschmiert. Zu Hause haben sie \u2013 oder die Eltern \u2013 Kuchen und Muffins gebacken und mitgebracht. In der Pause herrschte dann reger Andrang beim Verkauf. Vor allem f\u00fcr die j\u00fcngeren Grundsch\u00fclerInnen war die Aktion etwas ganz Besonderes. Sie kennen Schule bisher nur unter Corona-Bedingungen.<\/p>\n<p>Ich bin unglaublich stolz auf die Leistung der 8. Klasse. Wir haben 1510 \u20ac eingenommen, die an ein Hilfsprojekt f\u00fcr die Ukraine gespendet werden. Die Sch\u00fclerInnen haben selbstst\u00e4ndig und ordentlich die Herstellung und den Verkauf organisiert. An welche Organisation wir spenden, wollen wir noch recherchieren.<\/p>\n<p>M\u00f6glich wurde dieser gro\u00dfe Erfolg durch Sie, liebe Eltern. Ich bedanke mich f\u00fcr Ihre Spendenbereitschaft. Besonders bedanke ich mich nat\u00fcrlich bei den Eltern der Klasse 8a. Jeder hat selbst Gebackenes von zu Hause mitgebracht und dann selbst beim Pausenverkauf eingekauft.<\/p>\n<p>Ein sehr gro\u00dfer Dank gilt auch der Familie Kastenm\u00fcller, die gro\u00dfz\u00fcgig Semmeln gespendet hat!<\/p>\n<p>Bei der Metzgerei Holzapfel durften wir jeden Tag Wurst, K\u00e4se und Essiggurken holen. Vielen Dank f\u00fcr diesen gro\u00dfen Beitrag!<\/p>\n<p>Auch Familie Schwaiger hat uns mit einer Semmelspende unterst\u00fctzt. Vielen Dank!<\/p>\n<p>So traurig der Anlass f\u00fcr unser Projekt war, wir haben viel dabei gelernt und konnten ein klein wenig gegen die Hilflosigkeit ank\u00e4mpfen.<\/p>\n<p>A. Hansen<\/p>\n<p>Hier einige Eindr\u00fccke:<\/p>\n<p>&nbsp;<\/p>\n<p><a href=\"http:\/\/schule-glonn.de\/wp-content\/uploads\/2022\/03\/IMG_6523-e1648196940288.jpg\">\u00a0 \u00a0 \u00a0 \u00a0 \u00a0 \u00a0 \u00a0\u00a0<\/a> <a href=\"http:\/\/schule-glonn.de\/wp-content\/uploads\/2022\/03\/IMG_6524-e1648196957211.jpg\"><img loading=\"lazy\" decoding=\"async\" class=\"alignnone size-medium wp-image-1502\" src=\"http:\/\/schule-glonn.de\/wp-content\/uploads\/2022\/03\/IMG_6524-e1648196957211-225x300.jpg\" alt=\"\" width=\"225\" height=\"300\" srcset=\"https:\/\/schule-glonn.de\/wp-content\/uploads\/2022\/03\/IMG_6524-e1648196957211-225x300.jpg 225w, https:\/\/schule-glonn.de\/wp-content\/uploads\/2022\/03\/IMG_6524-e1648196957211-768x1024.jpg 768w\" sizes=\"(max-width: 225px) 100vw, 225px\" \/>\u00a0\u00a0\u00a0\u00a0\u00a0\u00a0\u00a0<\/a> <a href=\"http:\/\/schule-glonn.de\/wp-content\/uploads\/2022\/03\/IMG_6525.jpg\"><img loading=\"lazy\" decoding=\"async\" class=\"alignnone size-medium wp-image-1503\" src=\"http:\/\/schule-glonn.de\/wp-content\/uploads\/2022\/03\/IMG_6525-300x225.jpg\" alt=\"\" width=\"300\" height=\"225\" srcset=\"https:\/\/schule-glonn.de\/wp-content\/uploads\/2022\/03\/IMG_6525-300x225.jpg 300w, https:\/\/schule-glonn.de\/wp-content\/uploads\/2022\/03\/IMG_6525-768x576.jpg 768w, https:\/\/schule-glonn.de\/wp-content\/uploads\/2022\/03\/IMG_6525-1024x768.jpg 1024w\" sizes=\"(max-width: 300px) 100vw, 300px\" \/>\u00a0\u00a0\u00a0\u00a0\u00a0\u00a0\u00a0\u00a0\u00a0<\/a> <a href=\"http:\/\/schule-glonn.de\/wp-content\/uploads\/2022\/03\/IMG_6546-e1648196974276.jpg\"><img loading=\"lazy\" decoding=\"async\" class=\"size-medium wp-image-1504 aligncenter\" src=\"http:\/\/schule-glonn.de\/wp-content\/uploads\/2022\/03\/IMG_6546-e1648196974276-225x300.jpg\" alt=\"\" width=\"225\" height=\"300\" srcset=\"https:\/\/schule-glonn.de\/wp-content\/uploads\/2022\/03\/IMG_6546-e1648196974276-225x300.jpg 225w, https:\/\/schule-glonn.de\/wp-content\/uploads\/2022\/03\/IMG_6546-e1648196974276-768x1024.jpg 768w\" sizes=\"(max-width: 225px) 100vw, 225px\" \/><\/a><\/p>\n<p style=\"text-align: center;\"><a href=\"http:\/\/schule-glonn.de\/wp-content\/uploads\/2022\/03\/IMG_6555-e1648196990210.jpg\"><img loading=\"lazy\" decoding=\"async\" class=\"alignnone size-medium wp-image-1505\" src=\"http:\/\/schule-glonn.de\/wp-content\/uploads\/2022\/03\/IMG_6555-e1648196990210-225x300.jpg\" alt=\"\" width=\"225\" height=\"300\" srcset=\"https:\/\/schule-glonn.de\/wp-content\/uploads\/2022\/03\/IMG_6555-e1648196990210-225x300.jpg 225w, https:\/\/schule-glonn.de\/wp-content\/uploads\/2022\/03\/IMG_6555-e1648196990210-768x1024.jpg 768w\" sizes=\"(max-width: 225px) 100vw, 225px\" \/>\u00a0\u00a0\u00a0\u00a0\u00a0\u00a0\u00a0\u00a0\u00a0\u00a0\u00a0\u00a0\u00a0\u00a0<\/a> <a href=\"http:\/\/schule-glonn.de\/wp-content\/uploads\/2022\/03\/IMG_6554-e1648197005570.jpg\"><img loading=\"lazy\" decoding=\"async\" class=\"alignnone size-medium wp-image-1506\" src=\"http:\/\/schule-glonn.de\/wp-content\/uploads\/2022\/03\/IMG_6554-e1648197005570-225x300.jpg\" alt=\"\" width=\"225\" height=\"300\" srcset=\"https:\/\/schule-glonn.de\/wp-content\/uploads\/2022\/03\/IMG_6554-e1648197005570-225x300.jpg 225w, https:\/\/schule-glonn.de\/wp-content\/uploads\/2022\/03\/IMG_6554-e1648197005570-768x1024.jpg 768w\" sizes=\"(max-width: 225px) 100vw, 225px\" \/><\/a><\/p>\n<p>&nbsp;<\/p>\n","protected":false},"excerpt":{"rendered":"<p>&nbsp; Pausenverkauf zugunsten ukrainischer Fl\u00fcchtlinge In der Woche vom 14. bis zum 18. M\u00e4rz 2022 fand an unserer Schule an vier Tagen ein Pausenverkauf zu Gunsten der Ukraine statt. Die Sch\u00fclerInnen der 8. Klasse haben jeden Morgen flei\u00dfig Semmeln belegt und Brezen geschmiert. Zu Hause haben sie \u2013 oder die Eltern \u2013 Kuchen und Muffins gebacken und mitgebracht. In der<\/p>\n","protected":false},"author":2,"featured_media":0,"parent":1520,"menu_order":5,"comment_status":"closed","ping_status":"closed","template":"","meta":{"footnotes":""},"_links":{"self":[{"href":"https:\/\/schule-glonn.de\/index.php?rest_route=\/wp\/v2\/pages\/1522"}],"collection":[{"href":"https:\/\/schule-glonn.de\/index.php?rest_route=\/wp\/v2\/pages"}],"about":[{"href":"https:\/\/schule-glonn.de\/index.php?rest_route=\/wp\/v2\/types\/page"}],"author":[{"embeddable":true,"href":"https:\/\/schule-glonn.de\/index.php?rest_route=\/wp\/v2\/users\/2"}],"replies":[{"embeddable":true,"href":"https:\/\/schule-glonn.de\/index.php?rest_route=%2Fwp%2Fv2%2Fcomments&post=1522"}],"version-history":[{"count":1,"href":"https:\/\/schule-glonn.de\/index.php?rest_route=\/wp\/v2\/pages\/1522\/revisions"}],"predecessor-version":[{"id":1523,"href":"https:\/\/schule-glonn.de\/index.php?rest_route=\/wp\/v2\/pages\/1522\/revisions\/1523"}],"up":[{"embeddable":true,"href":"https:\/\/schule-glonn.de\/index.php?rest_route=\/wp\/v2\/pages\/1520"}],"wp:attachment":[{"href":"https:\/\/schule-glonn.de\/index.php?rest_route=%2Fwp%2Fv2%2Fmedia&parent=1522"}],"curies":[{"name":"wp","href":"https:\/\/api.w.org\/{rel}","templated":true}]}}