{"id":1527,"date":"2022-05-06T11:06:56","date_gmt":"2022-05-06T11:06:56","guid":{"rendered":"http:\/\/schule-glonn.de\/?page_id=1527"},"modified":"2022-05-06T11:18:00","modified_gmt":"2022-05-06T11:18:00","slug":"kuchenverkauf-der-klasse-5a","status":"publish","type":"page","link":"https:\/\/schule-glonn.de\/?page_id=1527","title":{"rendered":"Kuchenverkauf der Klasse 5a"},"content":{"rendered":"<p><u>Kuchenverkauf \u2013 Neun Kuchen in neun Minuten<\/u><\/p>\n<p>&nbsp;<\/p>\n<p>Am Dienstag, den 29. M\u00e4rz 2022, veranstaltete die Klasse 5a der Grund- und Mittelschule Glonn unter Anleitung ihrer WiB- und GPG-Lehrerin, Frau Martini, einen Kuchenverkauf. Er fand in der zweiten Pause vor dem Sekretariat und in der Aula statt. Verkauft wurden selbstgebackene Leckereien, angeboten f\u00fcr einen Euro das St\u00fcck. Innerhalb von neun Minuten wurden alle neun Kuchen verkauft. Es war ein gro\u00dfer Erfolg. Die Klasse 5a nahm um die 155\u20ac ein. Der gesamte Betrag ging an die Organisation UNICEF zugunsten der ukrainischen Kriegsopfer.<\/p>\n<p>von Johanna Riedl &amp; Ana Zelic<\/p>\n<p><a href=\"http:\/\/schule-glonn.de\/wp-content\/uploads\/2022\/05\/5a-Kuchenverkauf.jpg\"><img loading=\"lazy\" decoding=\"async\" class=\"aligncenter size-medium wp-image-1528\" src=\"http:\/\/schule-glonn.de\/wp-content\/uploads\/2022\/05\/5a-Kuchenverkauf-300x225.jpg\" alt=\"\" width=\"300\" height=\"225\" srcset=\"https:\/\/schule-glonn.de\/wp-content\/uploads\/2022\/05\/5a-Kuchenverkauf-300x225.jpg 300w, https:\/\/schule-glonn.de\/wp-content\/uploads\/2022\/05\/5a-Kuchenverkauf-768x576.jpg 768w, https:\/\/schule-glonn.de\/wp-content\/uploads\/2022\/05\/5a-Kuchenverkauf-1024x768.jpg 1024w, https:\/\/schule-glonn.de\/wp-content\/uploads\/2022\/05\/5a-Kuchenverkauf.jpg 1600w\" sizes=\"(max-width: 300px) 100vw, 300px\" \/><\/a><\/p>\n","protected":false},"excerpt":{"rendered":"<p>Kuchenverkauf \u2013 Neun Kuchen in neun Minuten &nbsp; Am Dienstag, den 29. M\u00e4rz 2022, veranstaltete die Klasse 5a der Grund- und Mittelschule Glonn unter Anleitung ihrer WiB- und GPG-Lehrerin, Frau Martini, einen Kuchenverkauf. Er fand in der zweiten Pause vor dem Sekretariat und in der Aula statt. Verkauft wurden selbstgebackene Leckereien, angeboten f\u00fcr einen Euro das St\u00fcck. Innerhalb von neun<\/p>\n","protected":false},"author":2,"featured_media":0,"parent":1520,"menu_order":3,"comment_status":"closed","ping_status":"closed","template":"","meta":{"footnotes":""},"_links":{"self":[{"href":"https:\/\/schule-glonn.de\/index.php?rest_route=\/wp\/v2\/pages\/1527"}],"collection":[{"href":"https:\/\/schule-glonn.de\/index.php?rest_route=\/wp\/v2\/pages"}],"about":[{"href":"https:\/\/schule-glonn.de\/index.php?rest_route=\/wp\/v2\/types\/page"}],"author":[{"embeddable":true,"href":"https:\/\/schule-glonn.de\/index.php?rest_route=\/wp\/v2\/users\/2"}],"replies":[{"embeddable":true,"href":"https:\/\/schule-glonn.de\/index.php?rest_route=%2Fwp%2Fv2%2Fcomments&post=1527"}],"version-history":[{"count":1,"href":"https:\/\/schule-glonn.de\/index.php?rest_route=\/wp\/v2\/pages\/1527\/revisions"}],"predecessor-version":[{"id":1531,"href":"https:\/\/schule-glonn.de\/index.php?rest_route=\/wp\/v2\/pages\/1527\/revisions\/1531"}],"up":[{"embeddable":true,"href":"https:\/\/schule-glonn.de\/index.php?rest_route=\/wp\/v2\/pages\/1520"}],"wp:attachment":[{"href":"https:\/\/schule-glonn.de\/index.php?rest_route=%2Fwp%2Fv2%2Fmedia&parent=1527"}],"curies":[{"name":"wp","href":"https:\/\/api.w.org\/{rel}","templated":true}]}}