{"id":1545,"date":"2022-05-31T10:30:19","date_gmt":"2022-05-31T10:30:19","guid":{"rendered":"http:\/\/schule-glonn.de\/?page_id=1545"},"modified":"2022-05-31T10:32:14","modified_gmt":"2022-05-31T10:32:14","slug":"1545-2","status":"publish","type":"page","link":"https:\/\/schule-glonn.de\/?page_id=1545","title":{"rendered":"Spendenschwimmen der Grund- und Mittelschule Glonn"},"content":{"rendered":"<p><strong>Glonner Sch\u00fclerinnen und Sch\u00fcler schwimmen f\u00fcr einen guten Zweck &#8211; Erl\u00f6s fast 20.000\u20ac<\/strong><\/p>\n<p><strong>\u00a0<\/strong><\/p>\n<p>Kein Tag vergeht seit dem 24.02.2022, an dem uns nicht schreckliche und traurige Bilder bzw. Nachrichten aus der Ukraine erreichen. Dieser Krieg l\u00e4sst uns fassungslos und sprachlos zur\u00fcck. Doch bei aller Betroffenheit, Angst und Trauer wollten wir als Schulfamilie aktiv werden und helfen. Daher fand im Rahmen des Schwimmunterrichts ein Spendenschwimmen statt. Die Sch\u00fclerinnen und Sch\u00fcler hatten f\u00fcnf Minuten (Grundschule) bzw. zehn Minuten Zeit, um m\u00f6glichst viele Bahnen zu schwimmen. In den zwei Wochen davor sammelten sie wahnsinnig erfolgreich Sponsoren, die ihnen pro geschwommene Bahn einen bestimmten Betrag zahlten.<\/p>\n<p>Es war sehr beeindruckend, mit welchem Eifer und Einsatz die Kinder Bahn um Bahn schwammen, lautstark angefeuert von den Mitsch\u00fclerinnen und Mitsch\u00fclern. Jedes Kind gab sein Bestes, sehr viele Sch\u00fclerinnen und Sch\u00fcler kletterten v\u00f6llig ersch\u00f6pft, aber gleichzeitig unfassbar stolz und gl\u00fccklich wegen der geschafften Bahnen aus dem Wasser.<\/p>\n<p>Und unfassbar stolz, gl\u00fccklich und dankbar sind wir Lehrerinnen und Lehrer auf Euch, liebe Sch\u00fclerinnen und Sch\u00fcler! Was Ihr im Rahmen des Spendenschwimmens geschafft habt, welchen gro\u00dfartigen Betrag Ihr erschwommen habt, ist schon fast unglaublich und einfach nur beeindruckend. Ihr seid insgesamt <strong>2753 Bahnen<\/strong> geschwommen! Wir ziehen unseren Hut!<\/p>\n<p>Doch die Bahnen alleine w\u00e4ren ohne all die Sponsoren wirkungslos! Herzlichen Dank an alle Eltern, Gro\u00dfeltern, Tanten, Onkel, Geschwister, Freunde und Nachbarn, die unsere Sch\u00fclerinnen und Sch\u00fcler durch ihre Bereitschaft unterst\u00fctzt haben.<\/p>\n<p>Zus\u00e4tzlich zu dem Engagement und dem Einsatz unserer Sch\u00fclerinnen und Sch\u00fcler haben wir es vier Glonner Firmen bzw. Gesch\u00e4ften zu verdanken, dass die Spendensumme derartig gro\u00df ausf\u00e4llt! Herzlichen Dank an den Pflegedienst Schneider, die Firma Brunner, Edeka Simmel und Sport Obermaier f\u00fcr ihre gro\u00dfartige Unterst\u00fctzung!<\/p>\n<p>Insgesamt konnte so die sagenhafte Summe von <strong><u>17 264,91<\/u><\/strong> <strong><u>Euro <\/u><\/strong>erzielt werden, die im Rahmen des Schulfestes unserem B\u00fcrgermeister, Herrn Oswald, symbolisch \u00fcbergeben wurde. Dieses Geld wird in den Sozialfond der Marktgemeinde Glonn eingezahlt und soll direkt den ukrainischen Fl\u00fcchtlingen zugutekommen, die bereits in der Marktgemeinde Glonn wohnen oder noch ankommen werden.<\/p>\n<p>Vor dem Spendenschwimmen konnte durch verschiedene Pausenverkaufsaktionen mehrerer Klassen im Schulhaus Glonn und Antholing bereits insgesamt 2585,61 \u20ac an Spenden zugunsten verschiedener Ukraine-Hilfsprojekte gesammelt werden, so dass insgesamt eine Spenden in H\u00f6he von unglaublichen knapp <strong>20.000\u20ac<\/strong> an der Grund- und Mittelschule Glonn eingegangen sind.<\/p>\n","protected":false},"excerpt":{"rendered":"<p>Glonner Sch\u00fclerinnen und Sch\u00fcler schwimmen f\u00fcr einen guten Zweck &#8211; Erl\u00f6s fast 20.000\u20ac \u00a0 Kein Tag vergeht seit dem 24.02.2022, an dem uns nicht schreckliche und traurige Bilder bzw. Nachrichten aus der Ukraine erreichen. Dieser Krieg l\u00e4sst uns fassungslos und sprachlos zur\u00fcck. Doch bei aller Betroffenheit, Angst und Trauer wollten wir als Schulfamilie aktiv werden und helfen. Daher fand im<\/p>\n","protected":false},"author":2,"featured_media":0,"parent":1520,"menu_order":0,"comment_status":"closed","ping_status":"closed","template":"","meta":{"footnotes":""},"_links":{"self":[{"href":"https:\/\/schule-glonn.de\/index.php?rest_route=\/wp\/v2\/pages\/1545"}],"collection":[{"href":"https:\/\/schule-glonn.de\/index.php?rest_route=\/wp\/v2\/pages"}],"about":[{"href":"https:\/\/schule-glonn.de\/index.php?rest_route=\/wp\/v2\/types\/page"}],"author":[{"embeddable":true,"href":"https:\/\/schule-glonn.de\/index.php?rest_route=\/wp\/v2\/users\/2"}],"replies":[{"embeddable":true,"href":"https:\/\/schule-glonn.de\/index.php?rest_route=%2Fwp%2Fv2%2Fcomments&post=1545"}],"version-history":[{"count":3,"href":"https:\/\/schule-glonn.de\/index.php?rest_route=\/wp\/v2\/pages\/1545\/revisions"}],"predecessor-version":[{"id":1548,"href":"https:\/\/schule-glonn.de\/index.php?rest_route=\/wp\/v2\/pages\/1545\/revisions\/1548"}],"up":[{"embeddable":true,"href":"https:\/\/schule-glonn.de\/index.php?rest_route=\/wp\/v2\/pages\/1520"}],"wp:attachment":[{"href":"https:\/\/schule-glonn.de\/index.php?rest_route=%2Fwp%2Fv2%2Fmedia&parent=1545"}],"curies":[{"name":"wp","href":"https:\/\/api.w.org\/{rel}","templated":true}]}}