{"id":1569,"date":"2022-11-24T08:09:29","date_gmt":"2022-11-24T08:09:29","guid":{"rendered":"http:\/\/schule-glonn.de\/?page_id=1569"},"modified":"2026-03-05T09:12:17","modified_gmt":"2026-03-05T09:12:17","slug":"termine","status":"publish","type":"page","link":"https:\/\/schule-glonn.de\/?page_id=1569","title":{"rendered":"Termine"},"content":{"rendered":"<p><strong><span style=\"color: #008000;\">Termine<\/span><\/strong><\/p>\n<p>05.02.2026\u00a0\u00a0\u00a0\u00a0\u00a0\u00a0\u00a0\u00a0\u00a0\u00a0\u00a0 Info-Abend f\u00fcr zuk\u00fcnftige Erstkl\u00e4ssler<\/p>\n<p>06.02.2026\u00a0\u00a0\u00a0\u00a0\u00a0\u00a0\u00a0\u00a0\u00a0\u00a0\u00a0 Ende LEG<\/p>\n<p>13.02.2026\u00a0\u00a0\u00a0\u00a0\u00a0\u00a0\u00a0\u00a0\u00a0\u00a0\u00a0 Ausgabe Zwischenzeugnis<\/p>\n<p>25.02.2026\u00a0\u00a0\u00a0\u00a0\u00a0\u00a0\u00a0\u00a0\u00a0\u00a0\u00a0 2. Elternsprechtag f\u00fcr die 4. Jahrgangsstufe<\/p>\n<p>04.03.2026\u00a0\u00a0\u00a0\u00a0\u00a0\u00a0\u00a0\u00a0\u00a0\u00a0 Schuleinschreibung<\/p>\n<p>11.03.2026\u00a0 \u00a0 \u00a0 \u00a0 \u00a0 \u00a0 Schnuppernachmittag in der Mittelschule f\u00fcr zuk\u00fcnftige 5.-Kl\u00e4ssler<\/p>\n<p>Termine f\u00fcr die Pr\u00fcfungen zum Qualifizierenden Mittelschulabschluss:<\/p>\n<p>Projektpr\u00fcfung 20.4. &#8211; 24.4..26<\/p>\n<p>Englisch m\u00fcndlich\u00a0 30.4.26<\/p>\n<p>Reli\/Ethik 18.5.26<\/p>\n<p>Sport 20.-21.5.26 (11.6.)<\/p>\n<p>Kunst 20.5.26<\/p>\n<p>Informatik 22.5.26<\/p>\n<p>Quali Lerncamp 15.-17.6.26<\/p>\n<p>Englisch schriftlich 29.6.26<\/p>\n<p>Deutsch 30.6.26<\/p>\n<p>Mathematik 1.7.26<\/p>\n<p>GPG oder NuT 2.7.26 (ggf. NuT 3.7.26)<\/p>\n<p>Notenbekanntgabe 3.7.26<\/p>\n<p>m\u00fcndliche Nachpr\u00fcfung 7.7.26<\/p>\n<p>Abschlussfahrt 13.-17.7.26<\/p>\n<p>Zeugnisverleihung 24.7.26<\/p>\n","protected":false},"excerpt":{"rendered":"<p>Termine 05.02.2026\u00a0\u00a0\u00a0\u00a0\u00a0\u00a0\u00a0\u00a0\u00a0\u00a0\u00a0 Info-Abend f\u00fcr zuk\u00fcnftige Erstkl\u00e4ssler 06.02.2026\u00a0\u00a0\u00a0\u00a0\u00a0\u00a0\u00a0\u00a0\u00a0\u00a0\u00a0 Ende LEG 13.02.2026\u00a0\u00a0\u00a0\u00a0\u00a0\u00a0\u00a0\u00a0\u00a0\u00a0\u00a0 Ausgabe Zwischenzeugnis 25.02.2026\u00a0\u00a0\u00a0\u00a0\u00a0\u00a0\u00a0\u00a0\u00a0\u00a0\u00a0 2. Elternsprechtag f\u00fcr die 4. Jahrgangsstufe 04.03.2026\u00a0\u00a0\u00a0\u00a0\u00a0\u00a0\u00a0\u00a0\u00a0\u00a0 Schuleinschreibung 11.03.2026\u00a0 \u00a0 \u00a0 \u00a0 \u00a0 \u00a0 Schnuppernachmittag in der Mittelschule f\u00fcr zuk\u00fcnftige 5.-Kl\u00e4ssler Termine f\u00fcr die Pr\u00fcfungen zum Qualifizierenden Mittelschulabschluss: Projektpr\u00fcfung 20.4. &#8211; 24.4..26 Englisch m\u00fcndlich\u00a0 30.4.26 Reli\/Ethik 18.5.26 Sport 20.-21.5.26 (11.6.) Kunst 20.5.26 Informatik 22.5.26 Quali Lerncamp 15.-17.6.26<\/p>\n","protected":false},"author":2,"featured_media":0,"parent":1698,"menu_order":0,"comment_status":"closed","ping_status":"closed","template":"","meta":{"footnotes":""},"_links":{"self":[{"href":"https:\/\/schule-glonn.de\/index.php?rest_route=\/wp\/v2\/pages\/1569"}],"collection":[{"href":"https:\/\/schule-glonn.de\/index.php?rest_route=\/wp\/v2\/pages"}],"about":[{"href":"https:\/\/schule-glonn.de\/index.php?rest_route=\/wp\/v2\/types\/page"}],"author":[{"embeddable":true,"href":"https:\/\/schule-glonn.de\/index.php?rest_route=\/wp\/v2\/users\/2"}],"replies":[{"embeddable":true,"href":"https:\/\/schule-glonn.de\/index.php?rest_route=%2Fwp%2Fv2%2Fcomments&post=1569"}],"version-history":[{"count":30,"href":"https:\/\/schule-glonn.de\/index.php?rest_route=\/wp\/v2\/pages\/1569\/revisions"}],"predecessor-version":[{"id":1853,"href":"https:\/\/schule-glonn.de\/index.php?rest_route=\/wp\/v2\/pages\/1569\/revisions\/1853"}],"up":[{"embeddable":true,"href":"https:\/\/schule-glonn.de\/index.php?rest_route=\/wp\/v2\/pages\/1698"}],"wp:attachment":[{"href":"https:\/\/schule-glonn.de\/index.php?rest_route=%2Fwp%2Fv2%2Fmedia&parent=1569"}],"curies":[{"name":"wp","href":"https:\/\/api.w.org\/{rel}","templated":true}]}}