{"id":1585,"date":"2022-12-13T12:29:35","date_gmt":"2022-12-13T12:29:35","guid":{"rendered":"http:\/\/schule-glonn.de\/?page_id=1585"},"modified":"2022-12-13T12:29:35","modified_gmt":"2022-12-13T12:29:35","slug":"tag-des-ehrenamtes","status":"publish","type":"page","link":"https:\/\/schule-glonn.de\/?page_id=1585","title":{"rendered":"Tag des Ehrenamtes"},"content":{"rendered":"<p><a href=\"http:\/\/schule-glonn.de\/wp-content\/uploads\/2022\/12\/MicrosoftTeams-image-1.jpg\"><img loading=\"lazy\" decoding=\"async\" class=\"aligncenter size-medium wp-image-1586\" src=\"http:\/\/schule-glonn.de\/wp-content\/uploads\/2022\/12\/MicrosoftTeams-image-1-300x225.jpg\" alt=\"\" width=\"300\" height=\"225\" srcset=\"https:\/\/schule-glonn.de\/wp-content\/uploads\/2022\/12\/MicrosoftTeams-image-1-300x225.jpg 300w, https:\/\/schule-glonn.de\/wp-content\/uploads\/2022\/12\/MicrosoftTeams-image-1-768x576.jpg 768w, https:\/\/schule-glonn.de\/wp-content\/uploads\/2022\/12\/MicrosoftTeams-image-1-1024x768.jpg 1024w\" sizes=\"(max-width: 300px) 100vw, 300px\" \/><\/a><\/p>\n<p><span style=\"color: #0000ff;\"><strong>\u201eF\u00fcr dich. F\u00fcr mich. F\u00fcr uns. F\u00fcr die Gemeinschaft.\u201c<\/strong><\/span><\/p>\n<p>Die Sch\u00fclerinnen und Sch\u00fcler der Schule Glonn, die diese Tafelanschrift erlasen, schlugen schnell die gedankliche Br\u00fccke zum Thema \u201eEhrenamt\u201c, stand doch der gesamte vor ihnen liegende Tag unter diesem Zeichen.<\/p>\n<p>Auf der Internetseite <a href=\"http:\/\/www.deutsches-ehrenamt.de\">www.deutsches-ehrenamt.de<\/a> ist dieses wie folgt definiert:<\/p>\n<p>\u201eSich ehrenamtlich zu engagieren bedeutet, f\u00fcr eine Organisation freiwillig und ohne Verg\u00fctung Arbeit zu leisten. Das Ehrenamt selbst zeichnet sich dabei durch vielf\u00e4ltigste Bereiche aus, in denen man t\u00e4tig werden und Gutes tun kann. Der Antrieb der Menschen, sich in der Gesellschaft zu engagieren, ist dabei auf unterschiedliche Gr\u00fcnde zur\u00fcckzuf\u00fchren.\u201c<\/p>\n<p>Am f\u00fcnften Dezember wird j\u00e4hrlich der \u201eTag des Ehrenamtes\u201c begangen. Ein guter Grund, einmal innezuhalten und sich vor Augen zu f\u00fchren, welch wertvolle Arbeit die vielen ehrenamtlichen Helferinnen und Helfer in unserem Land t\u00e4glich leisten. F\u00fcr dich. F\u00fcr mich. F\u00fcr uns. F\u00fcr die Gemeinschaft.<\/p>\n<p>Dieser Tag kann jedoch auch ein Ansporn sein, sich einmal selbst mit den zahlreichen M\u00f6glichkeiten eines freiwilligen Engagements auseinanderzusetzen und vielleicht auch eine Nische f\u00fcr sich zu finden, in der man sich nicht nur individuell entfalten, seinen Talenten, Begabungen und Interessen Rechnung tragen, sondern \u00fcber den Einsatz f\u00fcr andere auch pers\u00f6nliches Wachstum erfahren kann.<\/p>\n<p>F\u00fcr die knapp 400 M\u00e4dchen und Jungen der Grund- und Mittelschule Glonn sollte es jedenfalls kein gew\u00f6hnlicher Schultag werden, sondern einer der ganz besonderen Sorte.<\/p>\n<p>Die Sch\u00fclerinnen und Sch\u00fcler erhielten an jenem ersten Montag im Dezember n\u00e4mlich die Gelegenheit, hautnah eigene Erfahrungen zu machen, zahlreiche mit einem Ehrenamt verbundene Aktivit\u00e4ten aus den verschiedensten Bereichen kennenzulernen und den unsch\u00e4tzbaren Wert echter menschlicher Begegnung zu erleben.<\/p>\n<p>Da gab es zum Beispiel den Gesch\u00e4ftsf\u00fchrer, der normalerweise innerhalb Europas pendelt und Personalverantwortung f\u00fcr 500 Arbeitskr\u00e4fte tr\u00e4gt; in seiner \u201eFreizeit\u201c jedoch eifrig f\u00fcr die Wasserwacht t\u00e4tig ist, weil es ihm \u201eFreude macht.\u201c Und das, obwohl er dabei auch schon \u00f6fter Eins\u00e4tze hatte, die nicht nur unter die Haut gehen, sondern sich einbrennen und kaum dauerhaft verarbeiten lassen.<\/p>\n<p>Da war der passionierte Musiker, der seit Jahrzehnten in der Glonner Musi aufspielt, dabei ein gutes St\u00fcck von der Welt gesehen und auf seinen Reisen erfahren hat, dass Musik Menschen auf eine Weise\u00a0 miteinander verbinden kann, die keiner Worte bedarf. Virtuos blies er in die Tuba und spannte dabei den Bogen von \u201eLasst uns froh und munter sein\u201c bis hin zu einer rockigen Bl\u00e4serversion von Nenas Evergreen \u201e99 Luftballons\u201c. Anschlie\u00dfend durften die Kinder und Jugendlichen unter Beweis stellen, dass ihnen so schnell die Puste nicht ausgeht und den ein oder anderen ganz individuellen Ton hinaus in die Welt tragen.<\/p>\n<p>Da war die Hundehalterin, die nicht l\u00e4nger \u201enur\u201c ein Haustier besitzen wollte, sondern dem Tier, den anderen und auch sich selbst etwas Gutes tun wollte, der Hundestaffel der DLRG beitrat und nun als angehende Ausbilderin mit ihrem Vierbeiner immer dann unterwegs ist, wenn es gilt, einen vermissten Menschen m\u00f6glichst bald wiederzufinden. Golden Retriever- und Dalmatinerdame nahmen nat\u00fcrlich im Anschluss an die spannenden Ausf\u00fchrungen auch die F\u00e4hrte des ein oder anderen Kindes auf und demonstrierten auf beeindruckende Weise welch gutes Team Mensch und Hund miteinander bilden k\u00f6nnen.<\/p>\n<p>Dies sind nur drei Beispiele. Es g\u00e4be so viel mehr Geschichten zu erz\u00e4hlen, denn auch der ASV und WSV Glonn waren mit zahlreichen Angeboten vertreten. So konnten sich die jungen Glonnerinnen und Glonner sowohl im Fu\u00dfball, Tennis und Badminton als auch im Basketball, Tischtennis und Taekwondo ausprobieren und kamen damit in sportlicher Hinsicht voll auf ihre Kosten.<\/p>\n<p>Das Rote Kreuz und das Jugendrotkreuz f\u00fchrten dagegen ganz praktisch in die Erste Hilfe ein und gew\u00e4hrten Einblicke in ein echtes Sanit\u00e4tsauto. Ein besonderes Highlight f\u00fcr die Grundschulm\u00e4dchen und -jungen waren die funkelnden Glitzertattoos, die das Jugendrotkreuz im Inneren des Schulhauses unerm\u00fcdlich auf Unterarme pinselte.<\/p>\n<p>Das Heimatmuseum Glonn gew\u00e4hrte spannende Einblicke in die Vergangenheit und aktuelle Kunstausstellungen.<\/p>\n<p>B\u00fcrgermeister Oswald stellte sich f\u00fcr ein Experteninterview zur Verf\u00fcgung und trug damit zur politischen Bildung der Jugendlichen bei. Zukunftsweisend war auch der Besuch des Aktionskreises \u201eEnergiewende Glonn 2020 e.V.\u201c, bei dem man sich anhand des energetisch sanierten Schulhauses \u00fcber moderne Heizsysteme und vieles mehr informieren konnte.<\/p>\n<p>Ein weiteres aktuelles Thema war mit dem \u201eGlonner Tisch\u201c vertreten. Gemeinsam mit WG Lehrerin Waltraud Raig wurde die Frage gekl\u00e4rt wie die Lebensmittel in zunehmend herausfordernden Zeiten an bed\u00fcrftige Menschen gelangen.<\/p>\n<p>F\u00fcr die Sch\u00fclerinnen und Sch\u00fcler der Grund- und Mittelschule Glonn war es in jedem Fall ein Schultag der Extraklasse, der dank der zahlreichen ehrenamtlichen Helferinnen und Helfer nicht nur zur Pers\u00f6nlichkeitsbildung, sondern hoffentlich auch zur Nachwuchsf\u00f6rderung beitrug.<\/p>\n<p>Wer unterdessen nach Schulleiterin Doris Pfefferkorn Ausschau hielt, musste den Kopf tief in den Nacken legen. Denn selbstverst\u00e4ndlich durfte auch die Freiwillige Feuerwehr des Marktes Glonn beim \u201eTag des Ehrenamtes\u201c nicht fehlen und nat\u00fcrlich lie\u00df es sich die Chefin nicht nehmen, es ihren Sch\u00fctzlingen gleichzutun und sich mit dem Drehleiterkorb in etwa drei\u00dfig Meter H\u00f6he bef\u00f6rdern zu lassen und die Aussicht von oben zu genie\u00dfen.<\/p>\n<p>Da sowohl Schulleitung als auch Sch\u00fclerschaft wieder sanft gelandet sind, steht einem weiteren Schultag nichts im Wege. Wie allgemein bekannt, wird am folgenden Tag ja der Namenstag des Heiligen Nikolaus begangen. Es scheint als jage auf der Zielgeraden zum Heiligen Abend ein H\u00f6hepunkt den n\u00e4chsten an der Grund- und Mittelschule Glonn.<\/p>\n<p>&nbsp;<\/p>\n","protected":false},"excerpt":{"rendered":"<p>\u201eF\u00fcr dich. F\u00fcr mich. F\u00fcr uns. F\u00fcr die Gemeinschaft.\u201c Die Sch\u00fclerinnen und Sch\u00fcler der Schule Glonn, die diese Tafelanschrift erlasen, schlugen schnell die gedankliche Br\u00fccke zum Thema \u201eEhrenamt\u201c, stand doch der gesamte vor ihnen liegende Tag unter diesem Zeichen. Auf der Internetseite www.deutsches-ehrenamt.de ist dieses wie folgt definiert: \u201eSich ehrenamtlich zu engagieren bedeutet, f\u00fcr eine Organisation freiwillig und ohne Verg\u00fctung<\/p>\n","protected":false},"author":2,"featured_media":0,"parent":12,"menu_order":0,"comment_status":"closed","ping_status":"closed","template":"","meta":{"footnotes":""},"_links":{"self":[{"href":"https:\/\/schule-glonn.de\/index.php?rest_route=\/wp\/v2\/pages\/1585"}],"collection":[{"href":"https:\/\/schule-glonn.de\/index.php?rest_route=\/wp\/v2\/pages"}],"about":[{"href":"https:\/\/schule-glonn.de\/index.php?rest_route=\/wp\/v2\/types\/page"}],"author":[{"embeddable":true,"href":"https:\/\/schule-glonn.de\/index.php?rest_route=\/wp\/v2\/users\/2"}],"replies":[{"embeddable":true,"href":"https:\/\/schule-glonn.de\/index.php?rest_route=%2Fwp%2Fv2%2Fcomments&post=1585"}],"version-history":[{"count":1,"href":"https:\/\/schule-glonn.de\/index.php?rest_route=\/wp\/v2\/pages\/1585\/revisions"}],"predecessor-version":[{"id":1587,"href":"https:\/\/schule-glonn.de\/index.php?rest_route=\/wp\/v2\/pages\/1585\/revisions\/1587"}],"up":[{"embeddable":true,"href":"https:\/\/schule-glonn.de\/index.php?rest_route=\/wp\/v2\/pages\/12"}],"wp:attachment":[{"href":"https:\/\/schule-glonn.de\/index.php?rest_route=%2Fwp%2Fv2%2Fmedia&parent=1585"}],"curies":[{"name":"wp","href":"https:\/\/api.w.org\/{rel}","templated":true}]}}