{"id":164,"date":"2015-06-07T10:57:53","date_gmt":"2015-06-07T10:57:53","guid":{"rendered":"http:\/\/schule-glonn.de\/?page_id=164"},"modified":"2023-07-19T08:39:32","modified_gmt":"2023-07-19T08:39:32","slug":"hausmeister","status":"publish","type":"page","link":"https:\/\/schule-glonn.de\/?page_id=164","title":{"rendered":"Hausmeister"},"content":{"rendered":"<p><strong>Herr Schedlbauer<\/strong>ist Ansprechpartner bei allen Fragen zur Geb\u00e4ude- und Sicherheitstechnik (auch in der Turn- und Schwimmhalle).<\/p>\n<p>Erreichbar ist er \u00fcber das Sekretariat (08093 1059). H\u00e4ufig trifft man ihn auch in seiner Werkstatt im Keller des Grundschulgeb\u00e4udes an.<\/p>\n","protected":false},"excerpt":{"rendered":"<p>Herr Schedlbauerist Ansprechpartner bei allen Fragen zur Geb\u00e4ude- und Sicherheitstechnik (auch in der Turn- und Schwimmhalle). Erreichbar ist er \u00fcber das Sekretariat (08093 1059). H\u00e4ufig trifft man ihn auch in seiner Werkstatt im Keller des Grundschulgeb\u00e4udes an.<\/p>\n","protected":false},"author":2,"featured_media":0,"parent":1453,"menu_order":10,"comment_status":"closed","ping_status":"closed","template":"","meta":{"footnotes":""},"_links":{"self":[{"href":"https:\/\/schule-glonn.de\/index.php?rest_route=\/wp\/v2\/pages\/164"}],"collection":[{"href":"https:\/\/schule-glonn.de\/index.php?rest_route=\/wp\/v2\/pages"}],"about":[{"href":"https:\/\/schule-glonn.de\/index.php?rest_route=\/wp\/v2\/types\/page"}],"author":[{"embeddable":true,"href":"https:\/\/schule-glonn.de\/index.php?rest_route=\/wp\/v2\/users\/2"}],"replies":[{"embeddable":true,"href":"https:\/\/schule-glonn.de\/index.php?rest_route=%2Fwp%2Fv2%2Fcomments&post=164"}],"version-history":[{"count":2,"href":"https:\/\/schule-glonn.de\/index.php?rest_route=\/wp\/v2\/pages\/164\/revisions"}],"predecessor-version":[{"id":1617,"href":"https:\/\/schule-glonn.de\/index.php?rest_route=\/wp\/v2\/pages\/164\/revisions\/1617"}],"up":[{"embeddable":true,"href":"https:\/\/schule-glonn.de\/index.php?rest_route=\/wp\/v2\/pages\/1453"}],"wp:attachment":[{"href":"https:\/\/schule-glonn.de\/index.php?rest_route=%2Fwp%2Fv2%2Fmedia&parent=164"}],"curies":[{"name":"wp","href":"https:\/\/api.w.org\/{rel}","templated":true}]}}