{"id":1672,"date":"2024-03-05T10:16:37","date_gmt":"2024-03-05T10:16:37","guid":{"rendered":"https:\/\/schule-glonn.de\/?page_id=1672"},"modified":"2024-03-05T10:17:10","modified_gmt":"2024-03-05T10:17:10","slug":"praemienverleihung-der-klimaschulen-im-landkreis-ebersberg","status":"publish","type":"page","link":"https:\/\/schule-glonn.de\/?page_id=1672","title":{"rendered":"Pr\u00e4mienverleihung der Klimaschulen im Landkreis Ebersberg"},"content":{"rendered":"\n<figure class=\"wp-block-image is-resized\"><img loading=\"lazy\" decoding=\"async\" width=\"1024\" height=\"768\" src=\"https:\/\/schule-glonn.de\/wp-content\/uploads\/2024\/03\/image.png\" alt=\"\" class=\"wp-image-1675\" style=\"width:540px;height:auto\" srcset=\"https:\/\/schule-glonn.de\/wp-content\/uploads\/2024\/03\/image.png 1024w, https:\/\/schule-glonn.de\/wp-content\/uploads\/2024\/03\/image-300x225.png 300w, https:\/\/schule-glonn.de\/wp-content\/uploads\/2024\/03\/image-768x576.png 768w\" sizes=\"(max-width: 1024px) 100vw, 1024px\" \/><\/figure>\n\n\n\n<p>Im Oktober 2023 fand im Grafinger Max-Mannheimer-Gymnasium die Pr\u00e4mienverleihung der Ebersberger Klimaschulen statt. Auch die Grund- und Mittelschule Glonn wurde, zusammen mit anderen Schulen aus dem Landkreis, eingeladen. Die feierliche Verleihung fand vor begeistertem Publikum statt, darunter Sch\u00fcler, Lehrkr\u00e4fte und Schulleitungen sowie Vertreter der Gemeinden und St\u00e4dte. Im Anschluss daran konnten sich die Besucher auf dem \u201eMarkt der M\u00f6glichkeiten\u201c \u00fcber die inspirierenden Projekte der Ebersberger Schulen informieren.<\/p>\n\n\n\n<p>Die Urkunde wurde, stellvertretend f\u00fcr die gesamte Schule, von der Rektorin Doris Pfefferkorn, den Sch\u00fclerinnen und Sch\u00fclern Annabelle, Leni, Simon und Laurin aus der Klasse 6a, sowie deren Klassenleitung Antonia Schauer, entgegengenommen. Damit wurden die zahlreichen umweltfreundlichen Projekte, die von der Schule initiiert wurden und als Inspiration f\u00fcr die gesamte Schulgemeinschaft dienen, gew\u00fcrdigt.<\/p>\n\n\n\n<p><\/p>\n\n\n\n<p><\/p>\n\n\n\n<p><\/p>\n","protected":false},"excerpt":{"rendered":"<p>Im Oktober 2023 fand im Grafinger Max-Mannheimer-Gymnasium die Pr\u00e4mienverleihung der Ebersberger Klimaschulen statt. Auch die Grund- und Mittelschule Glonn wurde, zusammen mit anderen Schulen aus dem Landkreis, eingeladen. Die feierliche Verleihung fand vor begeistertem Publikum statt, darunter Sch\u00fcler, Lehrkr\u00e4fte und Schulleitungen sowie Vertreter der Gemeinden und St\u00e4dte. Im Anschluss daran konnten sich die Besucher auf dem \u201eMarkt der M\u00f6glichkeiten\u201c \u00fcber<\/p>\n","protected":false},"author":2,"featured_media":0,"parent":36,"menu_order":0,"comment_status":"closed","ping_status":"closed","template":"","meta":{"footnotes":""},"_links":{"self":[{"href":"https:\/\/schule-glonn.de\/index.php?rest_route=\/wp\/v2\/pages\/1672"}],"collection":[{"href":"https:\/\/schule-glonn.de\/index.php?rest_route=\/wp\/v2\/pages"}],"about":[{"href":"https:\/\/schule-glonn.de\/index.php?rest_route=\/wp\/v2\/types\/page"}],"author":[{"embeddable":true,"href":"https:\/\/schule-glonn.de\/index.php?rest_route=\/wp\/v2\/users\/2"}],"replies":[{"embeddable":true,"href":"https:\/\/schule-glonn.de\/index.php?rest_route=%2Fwp%2Fv2%2Fcomments&post=1672"}],"version-history":[{"count":2,"href":"https:\/\/schule-glonn.de\/index.php?rest_route=\/wp\/v2\/pages\/1672\/revisions"}],"predecessor-version":[{"id":1676,"href":"https:\/\/schule-glonn.de\/index.php?rest_route=\/wp\/v2\/pages\/1672\/revisions\/1676"}],"up":[{"embeddable":true,"href":"https:\/\/schule-glonn.de\/index.php?rest_route=\/wp\/v2\/pages\/36"}],"wp:attachment":[{"href":"https:\/\/schule-glonn.de\/index.php?rest_route=%2Fwp%2Fv2%2Fmedia&parent=1672"}],"curies":[{"name":"wp","href":"https:\/\/api.w.org\/{rel}","templated":true}]}}