{"id":1740,"date":"2024-10-18T06:17:00","date_gmt":"2024-10-18T06:17:00","guid":{"rendered":"https:\/\/schule-glonn.de\/?page_id=1740"},"modified":"2025-07-30T08:34:57","modified_gmt":"2025-07-30T08:34:57","slug":"praemienverleihung-ebersberger-klimaschulen-am-17-10-2024","status":"publish","type":"page","link":"https:\/\/schule-glonn.de\/?page_id=1740","title":{"rendered":"Pr\u00e4mienverleihung Ebersberger Klimaschulen am 17.10.2024"},"content":{"rendered":"\n<figure class=\"wp-block-gallery has-nested-images columns-default is-cropped wp-block-gallery-1 is-layout-flex wp-block-gallery-is-layout-flex\">\n<figure class=\"wp-block-image size-large\"><a href=\"https:\/\/schule-glonn.de\/wp-content\/uploads\/2024\/11\/Praemienverleihung-2024-klein-Copyright-EA-36.jpg\"><img loading=\"lazy\" decoding=\"async\" width=\"1024\" height=\"681\" data-id=\"1762\" src=\"https:\/\/schule-glonn.de\/wp-content\/uploads\/2024\/11\/Praemienverleihung-2024-klein-Copyright-EA-36-1024x681.jpg\" alt=\"\" class=\"wp-image-1762\" srcset=\"https:\/\/schule-glonn.de\/wp-content\/uploads\/2024\/11\/Praemienverleihung-2024-klein-Copyright-EA-36-1024x681.jpg 1024w, https:\/\/schule-glonn.de\/wp-content\/uploads\/2024\/11\/Praemienverleihung-2024-klein-Copyright-EA-36-300x200.jpg 300w, https:\/\/schule-glonn.de\/wp-content\/uploads\/2024\/11\/Praemienverleihung-2024-klein-Copyright-EA-36-768x511.jpg 768w, https:\/\/schule-glonn.de\/wp-content\/uploads\/2024\/11\/Praemienverleihung-2024-klein-Copyright-EA-36.jpg 1200w\" sizes=\"(max-width: 1024px) 100vw, 1024px\" \/><\/a><\/figure>\n<\/figure>\n\n\n\n<p><\/p>\n\n\n\n<p>Das ganze Schuljahr \u00fcber wurden gr\u00f6\u00dfere und kleinere Projekte, Schulstunden und Aktionen unternommen, welche den Sch\u00fclerinnen und Sch\u00fclern und auch den Lehrkr\u00e4ften den Wert eines klima- und ressourcenschonenden Umgangs mit unserer Umwelt nahebringen soll. Da geht es los bei richtiger M\u00fclltrennung im und um das Klassenzimmer und wiederverwendbarer Pausenboxen, \u00fcber den kopierfreien Tag und das Sammeln von M\u00fcll nach der Pause und so viel mehr bis hin zum gr\u00f6\u00dften \u201eKlima-Event\u201c an unserer Schule in diesem Schuljahr: die Auff\u00fchrungen des Klima-Musicals \u201eEisb\u00e4r, Dr. Ping und die Stromfresser\u201c (Text: Hans-J\u00fcrgen Netz, Musik: Reinhard Horn). Dieses hatten Frau Halmanseger und Frau Lenhard mit ihren Klassen erarbeitet, einge\u00fcbt und mehrmals zur Auff\u00fchrung gebracht. Das begeisterte Publikum war sicherlich eine ganz besondere Wertsch\u00e4tzung.<\/p>\n\n\n\n<p>Alle Klassen waren mit Engagement und Kreativit\u00e4t f\u00fcr unseren Planeten mit dabei und diese Leistung wurde nun auch bei der diesj\u00e4hrigen Pr\u00e4mienverleihung der Ebersberger Klimaschulen am 17.102024 belohnt. Mit einer Vielzahl von Aktionen konnte die Glonner Grund- und Mittelschule sich \u00fcber ein Preisgeld von 550 \u20ac freuen. Auf den Weg zur Verleihung machten sich f\u00fcr die Glonner Schule nat\u00fcrlich ein Eisb\u00e4r, ein Pinguin sowie weitere Charaktere des Musicals in Begleitung von Frau Lenhard und Frau Pfefferkorn. Auch der Glonner B\u00fcrgermeister Josef Oswald durfte die Auszeichnung miterleben und vor allem die jungen Vertreter der Schule begl\u00fcckw\u00fcnschen. Bei einem \u201eMarkt der M\u00f6glichkeiten\u201c konnten nun alle Schulvertreter an von den teilnehmenden Schulen aufgebauten Info-St\u00e4nden zu den durchgef\u00fchrten Projekten nach neuen Ideen schnuppern und einen regen Austausch durchf\u00fchren. Am Glonner Stand wurde nat\u00fcrlich auch der Film der Musical-Auff\u00fchrung gezeigt (<a href=\"https:\/\/vimeo.com\/980084111\/9a1fbc60fb?share=copy\">https:\/\/vimeo.com\/980084111\/9a1fbc60fb?share=copy<\/a>), was besonders viele Interessierte anlockte.<\/p>\n\n\n\n<p>Nun geht es also in ein neues \u201eKlima-Jahr\u201c mit vielen bew\u00e4hrten und weiterlaufenden Aktionen sowie neuen Ideen im Gep\u00e4ck!<\/p>\n\n\n\n<p><\/p>\n","protected":false},"excerpt":{"rendered":"<p>Das ganze Schuljahr \u00fcber wurden gr\u00f6\u00dfere und kleinere Projekte, Schulstunden und Aktionen unternommen, welche den Sch\u00fclerinnen und Sch\u00fclern und auch den Lehrkr\u00e4ften den Wert eines klima- und ressourcenschonenden Umgangs mit unserer Umwelt nahebringen soll. Da geht es los bei richtiger M\u00fclltrennung im und um das Klassenzimmer und wiederverwendbarer Pausenboxen, \u00fcber den kopierfreien Tag und das Sammeln von M\u00fcll nach der<\/p>\n","protected":false},"author":2,"featured_media":0,"parent":36,"menu_order":0,"comment_status":"closed","ping_status":"closed","template":"","meta":{"footnotes":""},"_links":{"self":[{"href":"https:\/\/schule-glonn.de\/index.php?rest_route=\/wp\/v2\/pages\/1740"}],"collection":[{"href":"https:\/\/schule-glonn.de\/index.php?rest_route=\/wp\/v2\/pages"}],"about":[{"href":"https:\/\/schule-glonn.de\/index.php?rest_route=\/wp\/v2\/types\/page"}],"author":[{"embeddable":true,"href":"https:\/\/schule-glonn.de\/index.php?rest_route=\/wp\/v2\/users\/2"}],"replies":[{"embeddable":true,"href":"https:\/\/schule-glonn.de\/index.php?rest_route=%2Fwp%2Fv2%2Fcomments&post=1740"}],"version-history":[{"count":3,"href":"https:\/\/schule-glonn.de\/index.php?rest_route=\/wp\/v2\/pages\/1740\/revisions"}],"predecessor-version":[{"id":1763,"href":"https:\/\/schule-glonn.de\/index.php?rest_route=\/wp\/v2\/pages\/1740\/revisions\/1763"}],"up":[{"embeddable":true,"href":"https:\/\/schule-glonn.de\/index.php?rest_route=\/wp\/v2\/pages\/36"}],"wp:attachment":[{"href":"https:\/\/schule-glonn.de\/index.php?rest_route=%2Fwp%2Fv2%2Fmedia&parent=1740"}],"curies":[{"name":"wp","href":"https:\/\/api.w.org\/{rel}","templated":true}]}}