{"id":1742,"date":"2024-11-04T09:15:51","date_gmt":"2024-11-04T09:15:51","guid":{"rendered":"https:\/\/schule-glonn.de\/?page_id=1742"},"modified":"2024-11-05T09:39:22","modified_gmt":"2024-11-05T09:39:22","slug":"besuch-der-2-klassen-im-hofladen-in-schlacht","status":"publish","type":"page","link":"https:\/\/schule-glonn.de\/?page_id=1742","title":{"rendered":"Besuch der 2. Klassen im Hofladen in Schlacht"},"content":{"rendered":"\n<p>P\u00fcnktlich zum Weltern\u00e4hrungstag am 16. Oktober dieses Jahres besuchten die 2. Klassen der Grundschule in Glonn den Hofladen in Schlacht. Au\u00dferdem geschah dies im Rahmen der \u201eWoche der Gesundheit und Nachhaltigkeit\u201c, die jedes Jahr im Herbst an Bayerns Schulen stattfindet. Und schlie\u00dflich passte dieser Besuch auch zu unserem aktuellen Thema \u201eObst und Gem\u00fcse\u201c im Sachunterricht der 2. Jahrgangsstufe.<\/p>\n\n\n\n<p>Mit dem Linienbus fuhr erst die Klasse 2b und eine Stunde sp\u00e4ter die Klasse 2a vom Glonner Busbahnhof nach Schlacht. Schon am Eingang des Ladens, der direkt an der Hauptstra\u00dfe liegt, wurden wir herzlich von Frau Sch\u00e4rfl und dem ganzen Team des Hofladens begr\u00fc\u00dft.<\/p>\n\n\n\n<p>Im Nebenraum war eine Schubkarre voll mit verschiedenen Gem\u00fcsesorten (nat\u00fcrlich alle regional, viele bio) anschaulich und appetitlich hergerichtet.<\/p>\n\n\n\n<p>Die Kinder durften jedes Gem\u00fcse probieren. Doch vorher wurde festgestellt, ob das Gem\u00fcse in oder oberhalb der Erde w\u00e4chst. Au\u00dferdem mussten die Sch\u00fclerinnen und Sch\u00fcler jede Sorte benennen. Manches war allen bekannt, z. B. die Karotte. Anderes Gem\u00fcse hingegen kannte nicht jeder, z. B. die Pastinake oder auch den Rettich. Geschmeckt hat es uns auf jeden Fall!<\/p>\n\n\n\n<p>Schlie\u00dflich bekamen alle Kinder noch einen Korb mit regionalem Obst und Gem\u00fcse aus dem Hofladen geschenkt. Begeistert nahmen die Kinder dieses Geschenk entgegen und verputzten bereits zur anschlie\u00dfenden Brotzeit vor dem Laden das ein oder andere St\u00fcck aus dem Korb. Sehr beliebt waren die \u00c4pfel.<\/p>\n\n\n\n<p>Nicht nur f\u00fcr die gro\u00dfz\u00fcgigen Obst -und Gem\u00fcsek\u00f6rbe bedanken wir uns herzlich bei Familie Sch\u00e4rfl. Besonderer Dank gilt Frau Sch\u00e4rfl, dass sie sich f\u00fcr die zwei Klassen so viel Zeit genommen und mit gro\u00dfer Geduld und Begeisterung das heimische Gem\u00fcse vorgestellt hat.<\/p>\n\n\n\n<p>Die Lehrerinnen der Klassen 2a und 2b<\/p>\n\n\n\n<p>Barbara Riedl und Ursula Harder<\/p>\n\n\n\n<p>P\u00fcnktlich zum Weltern\u00e4hrungstag am 16. Oktober dieses Jahres besuchten die 2. Klassen der Grundschule in Glonn den Hofladen in Schlacht. Au\u00dferdem geschah dies im Rahmen der \u201eWoche der Gesundheit und Nachhaltigkeit\u201c, die jedes Jahr im Herbst an Bayerns Schulen stattfindet. Und schlie\u00dflich passte dieser Besuch auch zu unserem aktuellen Thema \u201eObst und Gem\u00fcse\u201c im Sachunterricht der 2. Jahrgangsstufe.<\/p>\n\n\n\n<p>Mit dem Linienbus fuhr erst die Klasse 2b und eine Stunde sp\u00e4ter die Klasse 2a vom Glonner Busbahnhof nach Schlacht. Schon am Eingang des Ladens, der direkt an der Hauptstra\u00dfe liegt, wurden wir herzlich von Frau Sch\u00e4rfl und dem ganzen Team des Hofladens begr\u00fc\u00dft.<\/p>\n\n\n\n<p>Im Nebenraum war eine Schubkarre voll mit verschiedenen Gem\u00fcsesorten (nat\u00fcrlich alle regional, viele bio) anschaulich und appetitlich hergerichtet.<\/p>\n\n\n\n<p>Die Kinder durften jedes Gem\u00fcse probieren. Doch vorher wurde festgestellt, ob das Gem\u00fcse in oder oberhalb der Erde w\u00e4chst. Au\u00dferdem mussten die Sch\u00fclerinnen und Sch\u00fcler jede Sorte benennen. Manches war allen bekannt, z. B. die Karotte. Anderes Gem\u00fcse hingegen kannte nicht jeder, z. B. die Pastinake oder auch den Rettich. Geschmeckt hat es uns auf jeden Fall!<\/p>\n\n\n\n<p>Schlie\u00dflich bekamen alle Kinder noch einen Korb mit regionalem Obst und Gem\u00fcse aus dem Hofladen geschenkt. Begeistert nahmen die Kinder dieses Geschenk entgegen und verputzten bereits zur anschlie\u00dfenden Brotzeit vor dem Laden das ein oder andere St\u00fcck aus dem Korb. Sehr beliebt waren die \u00c4pfel.<\/p>\n\n\n\n<p>Nicht nur f\u00fcr die gro\u00dfz\u00fcgigen Obst -und Gem\u00fcsek\u00f6rbe bedanken wir uns herzlich bei Familie Sch\u00e4rfl. Besonderer Dank gilt Frau Sch\u00e4rfl, dass sie sich f\u00fcr die zwei Klassen so viel Zeit genommen und mit gro\u00dfer Geduld und Begeisterung das heimische Gem\u00fcse vorgestellt hat.<\/p>\n\n\n\n<p>Die Lehrerinnen der Klassen 2a und 2b<\/p>\n\n\n\n<p>Barbara Riedl und Ursula Harder<\/p>\n\n\n\n<figure class=\"wp-block-gallery has-nested-images columns-default is-cropped wp-block-gallery-1 is-layout-flex wp-block-gallery-is-layout-flex\">\n<figure class=\"wp-block-image size-large\"><a href=\"https:\/\/schule-glonn.de\/wp-content\/uploads\/2024\/11\/Hofladen_Schaerfl.jpg\"><img loading=\"lazy\" decoding=\"async\" width=\"1000\" height=\"835\" data-id=\"1745\" src=\"https:\/\/schule-glonn.de\/wp-content\/uploads\/2024\/11\/Hofladen_Schaerfl.jpg\" alt=\"\" class=\"wp-image-1745\" srcset=\"https:\/\/schule-glonn.de\/wp-content\/uploads\/2024\/11\/Hofladen_Schaerfl.jpg 1000w, https:\/\/schule-glonn.de\/wp-content\/uploads\/2024\/11\/Hofladen_Schaerfl-300x251.jpg 300w, https:\/\/schule-glonn.de\/wp-content\/uploads\/2024\/11\/Hofladen_Schaerfl-768x641.jpg 768w\" sizes=\"(max-width: 1000px) 100vw, 1000px\" \/><\/a><\/figure>\n\n\n\n<figure class=\"wp-block-image size-large\"><a href=\"https:\/\/schule-glonn.de\/wp-content\/uploads\/2024\/11\/Gemuese_Tisch.jpg\"><img loading=\"lazy\" decoding=\"async\" width=\"1000\" height=\"667\" data-id=\"1744\" src=\"https:\/\/schule-glonn.de\/wp-content\/uploads\/2024\/11\/Gemuese_Tisch.jpg\" alt=\"\" class=\"wp-image-1744\" srcset=\"https:\/\/schule-glonn.de\/wp-content\/uploads\/2024\/11\/Gemuese_Tisch.jpg 1000w, https:\/\/schule-glonn.de\/wp-content\/uploads\/2024\/11\/Gemuese_Tisch-300x200.jpg 300w, https:\/\/schule-glonn.de\/wp-content\/uploads\/2024\/11\/Gemuese_Tisch-768x512.jpg 768w\" sizes=\"(max-width: 1000px) 100vw, 1000px\" \/><\/a><\/figure>\n<\/figure>\n","protected":false},"excerpt":{"rendered":"<p>P\u00fcnktlich zum Weltern\u00e4hrungstag am 16. Oktober dieses Jahres besuchten die 2. Klassen der Grundschule in Glonn den Hofladen in Schlacht. Au\u00dferdem geschah dies im Rahmen der \u201eWoche der Gesundheit und Nachhaltigkeit\u201c, die jedes Jahr im Herbst an Bayerns Schulen stattfindet. Und schlie\u00dflich passte dieser Besuch auch zu unserem aktuellen Thema \u201eObst und Gem\u00fcse\u201c im Sachunterricht der 2. Jahrgangsstufe. Mit dem<\/p>\n","protected":false},"author":2,"featured_media":1743,"parent":1238,"menu_order":1,"comment_status":"closed","ping_status":"closed","template":"","meta":{"footnotes":""},"_links":{"self":[{"href":"https:\/\/schule-glonn.de\/index.php?rest_route=\/wp\/v2\/pages\/1742"}],"collection":[{"href":"https:\/\/schule-glonn.de\/index.php?rest_route=\/wp\/v2\/pages"}],"about":[{"href":"https:\/\/schule-glonn.de\/index.php?rest_route=\/wp\/v2\/types\/page"}],"author":[{"embeddable":true,"href":"https:\/\/schule-glonn.de\/index.php?rest_route=\/wp\/v2\/users\/2"}],"replies":[{"embeddable":true,"href":"https:\/\/schule-glonn.de\/index.php?rest_route=%2Fwp%2Fv2%2Fcomments&post=1742"}],"version-history":[{"count":2,"href":"https:\/\/schule-glonn.de\/index.php?rest_route=\/wp\/v2\/pages\/1742\/revisions"}],"predecessor-version":[{"id":1749,"href":"https:\/\/schule-glonn.de\/index.php?rest_route=\/wp\/v2\/pages\/1742\/revisions\/1749"}],"up":[{"embeddable":true,"href":"https:\/\/schule-glonn.de\/index.php?rest_route=\/wp\/v2\/pages\/1238"}],"wp:featuredmedia":[{"embeddable":true,"href":"https:\/\/schule-glonn.de\/index.php?rest_route=\/wp\/v2\/media\/1743"}],"wp:attachment":[{"href":"https:\/\/schule-glonn.de\/index.php?rest_route=%2Fwp%2Fv2%2Fmedia&parent=1742"}],"curies":[{"name":"wp","href":"https:\/\/api.w.org\/{rel}","templated":true}]}}