{"id":1750,"date":"2024-11-04T09:23:25","date_gmt":"2024-11-04T09:23:25","guid":{"rendered":"https:\/\/schule-glonn.de\/?page_id=1750"},"modified":"2024-11-05T09:23:40","modified_gmt":"2024-11-05T09:23:40","slug":"grundschule-glonn-und-antholing-begeisterte-erstklaessler-beim-fussballschnuppertraining-des-asv-glonn","status":"publish","type":"page","link":"https:\/\/schule-glonn.de\/?page_id=1750","title":{"rendered":"Grundschule Glonn und Antholing: Begeisterte Erstkl\u00e4ssler beim Fu\u00dfballschnuppertraining des ASV Glonn"},"content":{"rendered":"\n<p>An der Grundschule in Glonn und Antholing fand am 11.10.24 ein besonderes Highlight f\u00fcr die Erstkl\u00e4ssler statt: Ein Fu\u00dfballschnuppertraining vom <strong>ASV Glonn<\/strong>, bei dem die Kinder in die faszinierende Welt des Fu\u00dfballs eintauchen konnten. Unter der Leitung von drei engagierten Trainern hatten die Sch\u00fcler und Sch\u00fclerinnen die M\u00f6glichkeit, an verschiedenen Stationen grundlegende Techniken des Fu\u00dfballs zu erlernen und auszuprobieren.<\/p>\n\n\n\n<p><strong>Mit Spa\u00df und Bewegung die Grundlagen des Fu\u00dfballs entdeckt<\/strong><\/p>\n\n\n\n<p>Die Stationen des Schnuppertrainings waren vielseitig gestaltet, um den Kindern einen umfassenden Einblick in die verschiedenen Aspekte des Fu\u00dfballs zu bieten. An einer Station konnten die kleinen Fu\u00dfballer das <strong>Dribbeln<\/strong> \u00fcben und lernten, den Ball geschickt am Fu\u00df zu f\u00fchren, w\u00e4hrend sie Hindernisse umdribbelten. An einer weiteren Station stand das <strong>Passen<\/strong> im Mittelpunkt: Hier galt es, den Ball pr\u00e4zise zu einem Partner zu spielen und den richtigen Zeitpunkt und die richtige Technik zu finden. Nat\u00fcrlich durfte auch das <strong>Schie\u00dfen<\/strong> nicht fehlen \u2013 mit voller Begeisterung traten die Kinder gegen den Ball und versuchten, ins Tor zu treffen.<\/p>\n\n\n\n<p>Der spielerische Aspekt kam ebenfalls nicht zu kurz. In kleinen Matches konnten die Kinder das Gelernte anwenden und erlebten dabei die Freude am <strong>Mannschaftsspiel<\/strong>.<\/p>\n\n\n\n<p><strong>Hilfsbereite Trainer und begeisterte Kinder<\/strong><\/p>\n\n\n\n<p>Die Trainer sorgten daf\u00fcr, dass die Regeln leicht verst\u00e4ndlich waren und der Spa\u00df am Spiel im Vordergrund stand. Mit ihrer <strong>hilfsbereiten und einf\u00fchlsamen Art<\/strong> gingen sie individuell auf die Bed\u00fcrfnisse und das Tempo der Kinder ein und sorgten daf\u00fcr, dass sich niemand \u00fcberfordert f\u00fchlte. Mit viel Geduld erkl\u00e4rten sie den Erstkl\u00e4sslern die verschiedenen \u00dcbungen, brachten ihnen Techniken bei und unterst\u00fctzten sie bei den ersten Schritten auf dem Fu\u00dfballfeld. Die Kinder hatten nicht nur viel Spa\u00df an der Bewegung, sondern konnten auch wertvolle Erfahrungen im Fu\u00dfball sammeln. Die Kombination aus abwechslungsreichen \u00dcbungen und dem lockeren Umgang der Trainer mit den Kindern sorgte daf\u00fcr, dass der Tag bei allen <strong>in guter Erinnerung bleiben wird<\/strong>. F\u00fcr viele der kleinen Teilnehmer war es sicherlich nicht das letzte Mal, dass sie mit einem Ball \u00fcber den Platz laufen.<\/p>\n\n\n\n<p>Text: Alina Ditterich<\/p>\n\n\n\n<p>An der Grundschule in Glonn und Antholing fand am 11.10.24 ein besonderes Highlight f\u00fcr die Erstkl\u00e4ssler statt: Ein Fu\u00dfballschnuppertraining vom <strong>ASV Glonn<\/strong>, bei dem die Kinder in die faszinierende Welt des Fu\u00dfballs eintauchen konnten. Unter der Leitung von drei engagierten Trainern hatten die Sch\u00fcler und Sch\u00fclerinnen die M\u00f6glichkeit, an verschiedenen Stationen grundlegende Techniken des Fu\u00dfballs zu erlernen und auszuprobieren.<\/p>\n\n\n\n<p><strong>Mit Spa\u00df und Bewegung die Grundlagen des Fu\u00dfballs entdeckt<\/strong><\/p>\n\n\n\n<p>Die Stationen des Schnuppertrainings waren vielseitig gestaltet, um den Kindern einen umfassenden Einblick in die verschiedenen Aspekte des Fu\u00dfballs zu bieten. An einer Station konnten die kleinen Fu\u00dfballer das <strong>Dribbeln<\/strong> \u00fcben und lernten, den Ball geschickt am Fu\u00df zu f\u00fchren, w\u00e4hrend sie Hindernisse umdribbelten. An einer weiteren Station stand das <strong>Passen<\/strong> im Mittelpunkt: Hier galt es, den Ball pr\u00e4zise zu einem Partner zu spielen und den richtigen Zeitpunkt und die richtige Technik zu finden. Nat\u00fcrlich durfte auch das <strong>Schie\u00dfen<\/strong> nicht fehlen \u2013 mit voller Begeisterung traten die Kinder gegen den Ball und versuchten, ins Tor zu treffen.<\/p>\n\n\n\n<p>Der spielerische Aspekt kam ebenfalls nicht zu kurz. In kleinen Matches konnten die Kinder das Gelernte anwenden und erlebten dabei die Freude am <strong>Mannschaftsspiel<\/strong>.<\/p>\n\n\n\n<p><strong>Hilfsbereite Trainer und begeisterte Kinder<\/strong><\/p>\n\n\n\n<p>Die Trainer sorgten daf\u00fcr, dass die Regeln leicht verst\u00e4ndlich waren und der Spa\u00df am Spiel im Vordergrund stand. Mit ihrer <strong>hilfsbereiten und einf\u00fchlsamen Art<\/strong> gingen sie individuell auf die Bed\u00fcrfnisse und das Tempo der Kinder ein und sorgten daf\u00fcr, dass sich niemand \u00fcberfordert f\u00fchlte. Mit viel Geduld erkl\u00e4rten sie den Erstkl\u00e4sslern die verschiedenen \u00dcbungen, brachten ihnen Techniken bei und unterst\u00fctzten sie bei den ersten Schritten auf dem Fu\u00dfballfeld. Die Kinder hatten nicht nur viel Spa\u00df an der Bewegung, sondern konnten auch wertvolle Erfahrungen im Fu\u00dfball sammeln. Die Kombination aus abwechslungsreichen \u00dcbungen und dem lockeren Umgang der Trainer mit den Kindern sorgte daf\u00fcr, dass der Tag bei allen <strong>in guter Erinnerung bleiben wird<\/strong>. F\u00fcr viele der kleinen Teilnehmer war es sicherlich nicht das letzte Mal, dass sie mit einem Ball \u00fcber den Platz laufen.<\/p>\n\n\n\n<p>Text: Alina Ditterich<\/p>\n\n\n\n<figure class=\"wp-block-gallery has-nested-images columns-default is-cropped wp-block-gallery-1 is-layout-flex wp-block-gallery-is-layout-flex\">\n<figure class=\"wp-block-image size-large\"><a href=\"https:\/\/schule-glonn.de\/wp-content\/uploads\/2024\/11\/IMG_35501-scaled.jpg\"><img loading=\"lazy\" decoding=\"async\" width=\"615\" height=\"1024\" data-id=\"1751\" src=\"https:\/\/schule-glonn.de\/wp-content\/uploads\/2024\/11\/IMG_35501-615x1024.jpg\" alt=\"\" class=\"wp-image-1751\" srcset=\"https:\/\/schule-glonn.de\/wp-content\/uploads\/2024\/11\/IMG_35501-615x1024.jpg 615w, https:\/\/schule-glonn.de\/wp-content\/uploads\/2024\/11\/IMG_35501-180x300.jpg 180w, https:\/\/schule-glonn.de\/wp-content\/uploads\/2024\/11\/IMG_35501-768x1279.jpg 768w, https:\/\/schule-glonn.de\/wp-content\/uploads\/2024\/11\/IMG_35501-923x1536.jpg 923w, https:\/\/schule-glonn.de\/wp-content\/uploads\/2024\/11\/IMG_35501-1230x2048.jpg 1230w, https:\/\/schule-glonn.de\/wp-content\/uploads\/2024\/11\/IMG_35501-scaled.jpg 1538w\" sizes=\"(max-width: 615px) 100vw, 615px\" \/><\/a><\/figure>\n\n\n\n<figure class=\"wp-block-image size-large\"><a href=\"https:\/\/schule-glonn.de\/wp-content\/uploads\/2024\/11\/IMG_35541-scaled.jpg\"><img loading=\"lazy\" decoding=\"async\" width=\"724\" height=\"1024\" data-id=\"1753\" src=\"https:\/\/schule-glonn.de\/wp-content\/uploads\/2024\/11\/IMG_35541-724x1024.jpg\" alt=\"\" class=\"wp-image-1753\" srcset=\"https:\/\/schule-glonn.de\/wp-content\/uploads\/2024\/11\/IMG_35541-724x1024.jpg 724w, https:\/\/schule-glonn.de\/wp-content\/uploads\/2024\/11\/IMG_35541-212x300.jpg 212w, https:\/\/schule-glonn.de\/wp-content\/uploads\/2024\/11\/IMG_35541-768x1086.jpg 768w, https:\/\/schule-glonn.de\/wp-content\/uploads\/2024\/11\/IMG_35541-1087x1536.jpg 1087w, https:\/\/schule-glonn.de\/wp-content\/uploads\/2024\/11\/IMG_35541-1449x2048.jpg 1449w, https:\/\/schule-glonn.de\/wp-content\/uploads\/2024\/11\/IMG_35541-scaled.jpg 1811w\" sizes=\"(max-width: 724px) 100vw, 724px\" \/><\/a><\/figure>\n\n\n\n<figure class=\"wp-block-image size-large\"><a href=\"https:\/\/schule-glonn.de\/wp-content\/uploads\/2024\/11\/IMG_35621-scaled.jpg\"><img loading=\"lazy\" decoding=\"async\" width=\"768\" height=\"1024\" data-id=\"1754\" src=\"https:\/\/schule-glonn.de\/wp-content\/uploads\/2024\/11\/IMG_35621-768x1024.jpg\" alt=\"\" class=\"wp-image-1754\" srcset=\"https:\/\/schule-glonn.de\/wp-content\/uploads\/2024\/11\/IMG_35621-768x1024.jpg 768w, https:\/\/schule-glonn.de\/wp-content\/uploads\/2024\/11\/IMG_35621-225x300.jpg 225w, https:\/\/schule-glonn.de\/wp-content\/uploads\/2024\/11\/IMG_35621-1152x1536.jpg 1152w, https:\/\/schule-glonn.de\/wp-content\/uploads\/2024\/11\/IMG_35621-1536x2048.jpg 1536w, https:\/\/schule-glonn.de\/wp-content\/uploads\/2024\/11\/IMG_35621-scaled.jpg 1920w\" sizes=\"(max-width: 768px) 100vw, 768px\" \/><\/a><\/figure>\n<\/figure>\n","protected":false},"excerpt":{"rendered":"<p>An der Grundschule in Glonn und Antholing fand am 11.10.24 ein besonderes Highlight f\u00fcr die Erstkl\u00e4ssler statt: Ein Fu\u00dfballschnuppertraining vom ASV Glonn, bei dem die Kinder in die faszinierende Welt des Fu\u00dfballs eintauchen konnten. Unter der Leitung von drei engagierten Trainern hatten die Sch\u00fcler und Sch\u00fclerinnen die M\u00f6glichkeit, an verschiedenen Stationen grundlegende Techniken des Fu\u00dfballs zu erlernen und auszuprobieren. Mit<\/p>\n","protected":false},"author":2,"featured_media":1752,"parent":1238,"menu_order":0,"comment_status":"closed","ping_status":"closed","template":"","meta":{"footnotes":""},"_links":{"self":[{"href":"https:\/\/schule-glonn.de\/index.php?rest_route=\/wp\/v2\/pages\/1750"}],"collection":[{"href":"https:\/\/schule-glonn.de\/index.php?rest_route=\/wp\/v2\/pages"}],"about":[{"href":"https:\/\/schule-glonn.de\/index.php?rest_route=\/wp\/v2\/types\/page"}],"author":[{"embeddable":true,"href":"https:\/\/schule-glonn.de\/index.php?rest_route=\/wp\/v2\/users\/2"}],"replies":[{"embeddable":true,"href":"https:\/\/schule-glonn.de\/index.php?rest_route=%2Fwp%2Fv2%2Fcomments&post=1750"}],"version-history":[{"count":2,"href":"https:\/\/schule-glonn.de\/index.php?rest_route=\/wp\/v2\/pages\/1750\/revisions"}],"predecessor-version":[{"id":1756,"href":"https:\/\/schule-glonn.de\/index.php?rest_route=\/wp\/v2\/pages\/1750\/revisions\/1756"}],"up":[{"embeddable":true,"href":"https:\/\/schule-glonn.de\/index.php?rest_route=\/wp\/v2\/pages\/1238"}],"wp:featuredmedia":[{"embeddable":true,"href":"https:\/\/schule-glonn.de\/index.php?rest_route=\/wp\/v2\/media\/1752"}],"wp:attachment":[{"href":"https:\/\/schule-glonn.de\/index.php?rest_route=%2Fwp%2Fv2%2Fmedia&parent=1750"}],"curies":[{"name":"wp","href":"https:\/\/api.w.org\/{rel}","templated":true}]}}