{"id":1759,"date":"2024-11-05T09:40:32","date_gmt":"2024-11-05T09:40:32","guid":{"rendered":"https:\/\/schule-glonn.de\/?page_id=1759"},"modified":"2024-12-12T11:34:58","modified_gmt":"2024-12-12T11:34:58","slug":"verkehrserziehung-schonraumtraining-fuer-die-grundschule","status":"publish","type":"page","link":"https:\/\/schule-glonn.de\/?page_id=1759","title":{"rendered":"Verkehrserziehung: Schonraumtraining f\u00fcr die Grundschule"},"content":{"rendered":"\n<p>\u201eAuf die Pl\u00e4tze, fertig, los!\u201c, hie\u00df es f\u00fcr alle Sch\u00fclerinnen und Sch\u00fcler im diesj\u00e4hrigen Schonraumtraining f\u00fcr die zweiten und dritten Klassen. Dank des gro\u00dfen Engagements von Frau Lenhard und Frau Riedl sowie Stefan Schedlbauer in der Organisation und nat\u00fcrlich vielen helfenden Elternh\u00e4nden, konnten die Kinder mithilfe des ADACs und dessen \u201eRadlanh\u00e4nger\u201c ihre Roller und Fahrradfertigkeiten unter Beweis stellen. Einfach war das keineswegs, der aufgebaute Parcour hatte einige schwierige Stellen und T\u00fccken f\u00fcr die jungen Verkehrsteilnehmer parat und forderte sie kreativ heraus. Mit viel Freude bestiegen die Grundsch\u00fclerinnen und Sch\u00fcler ihre Gef\u00e4hrte, passten Sattelh\u00f6hen an und bewiesen sogar handwerkliches K\u00f6nnen beim Einlegen einer Kette. Trotz Regenwetter an manchen Tagen waren alle mit viel L\u00e4cheln und Spa\u00df dabei und haben einen sehr wertvollen Schritt in Richtung verantwortungsvoller Verkehrsteilnehmer unternommen.<\/p>\n","protected":false},"excerpt":{"rendered":"<p>\u201eAuf die Pl\u00e4tze, fertig, los!\u201c, hie\u00df es f\u00fcr alle Sch\u00fclerinnen und Sch\u00fcler im diesj\u00e4hrigen Schonraumtraining f\u00fcr die zweiten und dritten Klassen. Dank des gro\u00dfen Engagements von Frau Lenhard und Frau Riedl sowie Stefan Schedlbauer in der Organisation und nat\u00fcrlich vielen helfenden Elternh\u00e4nden, konnten die Kinder mithilfe des ADACs und dessen \u201eRadlanh\u00e4nger\u201c ihre Roller und Fahrradfertigkeiten unter Beweis stellen. Einfach war<\/p>\n","protected":false},"author":2,"featured_media":0,"parent":1238,"menu_order":0,"comment_status":"closed","ping_status":"closed","template":"","meta":{"footnotes":""},"_links":{"self":[{"href":"https:\/\/schule-glonn.de\/index.php?rest_route=\/wp\/v2\/pages\/1759"}],"collection":[{"href":"https:\/\/schule-glonn.de\/index.php?rest_route=\/wp\/v2\/pages"}],"about":[{"href":"https:\/\/schule-glonn.de\/index.php?rest_route=\/wp\/v2\/types\/page"}],"author":[{"embeddable":true,"href":"https:\/\/schule-glonn.de\/index.php?rest_route=\/wp\/v2\/users\/2"}],"replies":[{"embeddable":true,"href":"https:\/\/schule-glonn.de\/index.php?rest_route=%2Fwp%2Fv2%2Fcomments&post=1759"}],"version-history":[{"count":1,"href":"https:\/\/schule-glonn.de\/index.php?rest_route=\/wp\/v2\/pages\/1759\/revisions"}],"predecessor-version":[{"id":1764,"href":"https:\/\/schule-glonn.de\/index.php?rest_route=\/wp\/v2\/pages\/1759\/revisions\/1764"}],"up":[{"embeddable":true,"href":"https:\/\/schule-glonn.de\/index.php?rest_route=\/wp\/v2\/pages\/1238"}],"wp:attachment":[{"href":"https:\/\/schule-glonn.de\/index.php?rest_route=%2Fwp%2Fv2%2Fmedia&parent=1759"}],"curies":[{"name":"wp","href":"https:\/\/api.w.org\/{rel}","templated":true}]}}