{"id":1806,"date":"2025-07-21T10:05:35","date_gmt":"2025-07-21T10:05:35","guid":{"rendered":"https:\/\/schule-glonn.de\/?page_id=1806"},"modified":"2025-07-21T10:05:35","modified_gmt":"2025-07-21T10:05:35","slug":"golfen-am-aktivtag-der-mittelschule-glonn","status":"publish","type":"page","link":"https:\/\/schule-glonn.de\/?page_id=1806","title":{"rendered":"Golfen am Aktivtag der Mittelschule Glonn"},"content":{"rendered":"\n<p>Wie bereits seit einigen Jahren wurde in diesem Schuljahr wieder ein Aktivtag an unserer Mittelschule geplant, an dem gemischte Gruppen aus den Klassen 5 bis 8 unterwegs waren. Leider spielte der Wettergott auch dieses Mal nicht so ganz mit, so dass die Aktivit\u00e4ten an Seen und im Freibad nicht stattfinden konnten und auf die Schlechtwetter- Alternativen ausgewichen wurde. F\u00fcr Bowling, Reiten und Golfen war es jedoch das ideale Wetter. Eine Gruppe machte sich auf den Weg zum Golfclub Egmating, um dort einen kostenlosen Schnupperkurs zu bekommen. Nach einer kurzen Einf\u00fchrung und einer Vorf\u00fchrung durch einen \u201eProfi\u201c konnten die Sch\u00fcler und Sch\u00fclerinnen an der Driving-Range an drei Stationen \u00fcben: es wurde auf ein Tor gezielt oder versucht, aus k\u00fcrzerer Distanz an verschiedenen L\u00f6chern einzuputten. Am beliebtesten war jedoch das Abschlagen, bei dem bereits nach kurzer Zeit gro\u00dfe Fortschritte zu sehen waren und einigen Sch\u00fclern eine Weite von 80 bis 100 Metern gelang. Es flogen jedoch auch die einen oder anderen Teile des sch\u00f6nen Golfrasens durch die Luft. Als wir am Ende noch Philipp Lahm sahen, war die Begeisterung der Kids gro\u00df. Wir m\u00f6chten uns hiermit ganz herzlich beim Golfclub Egmating bedanken, der uns zwei Trainer kostenlos zur Verf\u00fcgung gestellt hat.<\/p>\n\n\n\n<p>Michaela Moser<\/p>\n","protected":false},"excerpt":{"rendered":"<p>Wie bereits seit einigen Jahren wurde in diesem Schuljahr wieder ein Aktivtag an unserer Mittelschule geplant, an dem gemischte Gruppen aus den Klassen 5 bis 8 unterwegs waren. Leider spielte der Wettergott auch dieses Mal nicht so ganz mit, so dass die Aktivit\u00e4ten an Seen und im Freibad nicht stattfinden konnten und auf die Schlechtwetter- Alternativen ausgewichen wurde. F\u00fcr Bowling,<\/p>\n","protected":false},"author":2,"featured_media":1804,"parent":1236,"menu_order":0,"comment_status":"closed","ping_status":"closed","template":"","meta":{"footnotes":""},"_links":{"self":[{"href":"https:\/\/schule-glonn.de\/index.php?rest_route=\/wp\/v2\/pages\/1806"}],"collection":[{"href":"https:\/\/schule-glonn.de\/index.php?rest_route=\/wp\/v2\/pages"}],"about":[{"href":"https:\/\/schule-glonn.de\/index.php?rest_route=\/wp\/v2\/types\/page"}],"author":[{"embeddable":true,"href":"https:\/\/schule-glonn.de\/index.php?rest_route=\/wp\/v2\/users\/2"}],"replies":[{"embeddable":true,"href":"https:\/\/schule-glonn.de\/index.php?rest_route=%2Fwp%2Fv2%2Fcomments&post=1806"}],"version-history":[{"count":1,"href":"https:\/\/schule-glonn.de\/index.php?rest_route=\/wp\/v2\/pages\/1806\/revisions"}],"predecessor-version":[{"id":1807,"href":"https:\/\/schule-glonn.de\/index.php?rest_route=\/wp\/v2\/pages\/1806\/revisions\/1807"}],"up":[{"embeddable":true,"href":"https:\/\/schule-glonn.de\/index.php?rest_route=\/wp\/v2\/pages\/1236"}],"wp:featuredmedia":[{"embeddable":true,"href":"https:\/\/schule-glonn.de\/index.php?rest_route=\/wp\/v2\/media\/1804"}],"wp:attachment":[{"href":"https:\/\/schule-glonn.de\/index.php?rest_route=%2Fwp%2Fv2%2Fmedia&parent=1806"}],"curies":[{"name":"wp","href":"https:\/\/api.w.org\/{rel}","templated":true}]}}