{"id":1809,"date":"2025-07-30T08:12:23","date_gmt":"2025-07-30T08:12:23","guid":{"rendered":"https:\/\/schule-glonn.de\/?page_id=1809"},"modified":"2025-07-30T08:32:17","modified_gmt":"2025-07-30T08:32:17","slug":"sportfest-an-der-grundschule-glonn-mit-teamgeist-und-guter-laune-trotz-regenwetter","status":"publish","type":"page","link":"https:\/\/schule-glonn.de\/?page_id=1809","title":{"rendered":"Sportfest an der Grundschule Glonn \u2013 mit Teamgeist und guter Laune trotz Regenwetter"},"content":{"rendered":"\n<p>Am Donnerstag, 24.07.25 fand an der Grundschule Glonn unser allj\u00e4hrliches Sportfest statt \u2013 aufgrund des schlechten Wetters diesmal nicht wie geplant im Freien, sondern im gesamten Schulgeb\u00e4ude. Doch dank der gro\u00dfartigen Organisation unserer engagierten Kollegin Frau Riedl konnte das Fest auch drinnen zu einem vollen Erfolg werden.<\/p>\n\n\n\n<p>Um 8.15 Uhr ging es in der Turnhalle los mit einer Rede der Rektorin Frau Pfefferkorn und einer anschlie\u00dfenden Aufw\u00e4rmsequenz, die alle Kinder mit ihrer Lehrerin im eigenen Klassenzimmer durchf\u00fchrten. Die Kinder erwartete dann ein abwechslungsreiches Programm mit spannenden Stationen:<\/p>\n\n\n\n<ul>\n<li>Hindernis-Wende-Sprint<\/li>\n\n\n\n<li>Speed Bounce<\/li>\n\n\n\n<li>Medizinballsto\u00dfen<\/li>\n\n\n\n<li>Standweitsprung<\/li>\n<\/ul>\n\n\n\n<p>Mit viel Einsatz, Freude und Fairness meisterten die Sch\u00fclerinnen und Sch\u00fcler die verschiedenen Disziplinen. Die Begeisterung war \u00fcberall sp\u00fcrbar!<\/p>\n\n\n\n<p>Zum kr\u00f6nenden Abschluss gab es eine stimmungsvolle Siegerehrung in der Turnhalle. Als besondere \u00dcberraschung erhielt jedes Kind ein \u201eSteckerl\u201c &#8211; Eis und nat\u00fcrlich durfte auch eine Urkunde zur Erinnerung nicht fehlen.<\/p>\n\n\n\n<p>Wir danken allen Helferinnen und Helfern, die diesen besonderen Tag m\u00f6glich gemacht haben \u2013 und nat\u00fcrlich unseren sportlichen Kindern f\u00fcr ihren tollen Einsatz!<\/p>\n\n\n\n<p>(Text: Alina Ditterich, Foto: Barbara Riedl)<\/p>\n","protected":false},"excerpt":{"rendered":"<p>Am Donnerstag, 24.07.25 fand an der Grundschule Glonn unser allj\u00e4hrliches Sportfest statt \u2013 aufgrund des schlechten Wetters diesmal nicht wie geplant im Freien, sondern im gesamten Schulgeb\u00e4ude. Doch dank der gro\u00dfartigen Organisation unserer engagierten Kollegin Frau Riedl konnte das Fest auch drinnen zu einem vollen Erfolg werden. Um 8.15 Uhr ging es in der Turnhalle los mit einer Rede der<\/p>\n","protected":false},"author":2,"featured_media":1811,"parent":1238,"menu_order":1,"comment_status":"closed","ping_status":"closed","template":"","meta":{"footnotes":""},"_links":{"self":[{"href":"https:\/\/schule-glonn.de\/index.php?rest_route=\/wp\/v2\/pages\/1809"}],"collection":[{"href":"https:\/\/schule-glonn.de\/index.php?rest_route=\/wp\/v2\/pages"}],"about":[{"href":"https:\/\/schule-glonn.de\/index.php?rest_route=\/wp\/v2\/types\/page"}],"author":[{"embeddable":true,"href":"https:\/\/schule-glonn.de\/index.php?rest_route=\/wp\/v2\/users\/2"}],"replies":[{"embeddable":true,"href":"https:\/\/schule-glonn.de\/index.php?rest_route=%2Fwp%2Fv2%2Fcomments&post=1809"}],"version-history":[{"count":2,"href":"https:\/\/schule-glonn.de\/index.php?rest_route=\/wp\/v2\/pages\/1809\/revisions"}],"predecessor-version":[{"id":1812,"href":"https:\/\/schule-glonn.de\/index.php?rest_route=\/wp\/v2\/pages\/1809\/revisions\/1812"}],"up":[{"embeddable":true,"href":"https:\/\/schule-glonn.de\/index.php?rest_route=\/wp\/v2\/pages\/1238"}],"wp:featuredmedia":[{"embeddable":true,"href":"https:\/\/schule-glonn.de\/index.php?rest_route=\/wp\/v2\/media\/1811"}],"wp:attachment":[{"href":"https:\/\/schule-glonn.de\/index.php?rest_route=%2Fwp%2Fv2%2Fmedia&parent=1809"}],"curies":[{"name":"wp","href":"https:\/\/api.w.org\/{rel}","templated":true}]}}