{"id":1818,"date":"2025-07-30T08:26:28","date_gmt":"2025-07-30T08:26:28","guid":{"rendered":"https:\/\/schule-glonn.de\/?page_id=1818"},"modified":"2025-07-30T08:33:39","modified_gmt":"2025-07-30T08:33:39","slug":"ehrenamtstag-in-der-grund-und-mittelschule-glonn","status":"publish","type":"page","link":"https:\/\/schule-glonn.de\/?page_id=1818","title":{"rendered":"Ehrenamtstag in der Grund- und Mittelschule Glonn"},"content":{"rendered":"\n<p>Die Sch\u00fclerinnen und Sch\u00fcler der Grund- und Mittelschule Glonn staunten am Mittwoch, den 23.07. nicht schlecht dar\u00fcber, wie viele verschiedene Ehren\u00e4mter es in und um Glonn herum so gibt! An einem ganzen Schultag durften die Kinder und Jugendlichen diese bei bestem Wetter n\u00e4her kennenlernen und waren dabei selbst sehr aktiv! Welch ein Engagement von all den Freiwilligen, die nicht nur f\u00fcr ihre Herzenssache so viel Zeit, M\u00fche und vieles mehr bereitwillig opfern, sondern nun auch unseren Sch\u00fclerinnen und Sch\u00fclern Rede und Antwort standen! Es wurde viel gefragt, ausprobiert und so in das Ehrenamt hereingeschnuppert! Bestimmt haben einige Kinder hier Lust bekommen sich ebenfalls f\u00fcr die Gesellschaft einzubringen und die Vielfalt der M\u00f6glichkeiten hierzu erfahren d\u00fcrfen. Nach einer kurzen Einstimmung zum Thema in den Klassenverb\u00e4nden waren die Sch\u00fclerinnen und Sch\u00fcler dann an verschiedenen Stationen unterwegs und hatten hier ausreichend Zeit, das jeweilige Ehrenamt kennenzulernen. Selbst in den Pausen wuselten die jungen Interessierten vor allem um die gro\u00dfen Einsatzfahrzeuge herum, die im Schulhof ihre Positionen bezogen hatten. Mit viel Freude und Herz zeigten und erkl\u00e4rten die Ehrenamtlichen ihre Arbeit und hinterlie\u00dfen so sicherlich Eindruck!<\/p>\n\n\n\n<p>So konnten die Sch\u00fclerinnen und Sch\u00fcler beispielsweise bei der Hundestaffel aus Bad Aibling hautnah miterleben, wie es ist, von einem Rettungshund gefunden und gesucht zu werden! Beim Angebot der Wasserwacht schossen die Teilnehmenden selbst durchs Wasser und retteten ihre Klassenkameradinnen und Klassenkameraden auf verschiedenste Arten und konnten auch selbst die Rettung erfahren. In der Turnhalle wurde gesportelt mit dem Sportverein Glonn und die Tischtennisplatten hei\u00df gespielt in der Aula. Drinnen und drau\u00dfen war viel Sportliches geboten, denn es gab Vorf\u00fchrungen und Schnuppertrainings in Taekwondo, Fu\u00dfball, Yoga, Akrobatik, Impro-Theater, Musik und vielem mehr! Das JUZ \u00f6ffnete seinen Bauwagen und hie\u00df alle herzlich willkommen. Bei einem Vorlesetheater kamen vor allem gro\u00dfe und kleine Leseratten auf ihre Kosten und lernten das Angebot der Gemeindeb\u00fccherei kennen. Auch das THW war mit gro\u00dfem Einsatzfahrzeug vor Ort und begeisterte hiermit junge Sch\u00fclerinnen und Sch\u00fcler. Eigenes Engagement zeigte die 4. Klasse, die das Marienheim besuchte und die Bewohnerinnen und Bewohner mit einem Lied und frischem Wind erfreute. F\u00fcr Verschnaufpausen sorgten die kreativen Angebote vieler Lehrerinnen und Lehrer, die beispielsweise Batiken, Malen mit Acryl, Zeichnen, Smoothie-Zubereitung, Armb\u00e4nder kn\u00fcpfen und vieles mehr anboten.<\/p>\n\n\n\n<p>Der kr\u00f6nende und von vielen entgegen gefieberte Abschluss des Tages war die Vorstellung der Feuerwehr aus Baiern, welche die gesamte Schulfamilie mit einer \u201eFettexplosion\u201c begeisterte. Welch eine Stichflamme ein kleiner Schluck vermeintlich l\u00f6schenden Wassers in eine brennende fettige Pfanne verursachen kann, war sicherlich sehr beeindruckend und hilft so bestimmt bei der Verh\u00fctung solcher L\u00f6schversuche im eigenen Zuhause.<\/p>\n\n\n\n<p>F\u00fcr einen spannenden und informativen Tag bedanken wir uns bei allen Mitwirkenden ganz herzlich!<\/p>\n\n\n\n<p>(Text: Sarah Stacheter)<\/p>\n\n\n\n<div class=\"wp-block-group is-layout-constrained wp-block-group-is-layout-constrained\"><div class=\"wp-block-group__inner-container\">\n<div class=\"wp-block-group is-nowrap is-layout-flex wp-container-core-group-layout-1 wp-block-group-is-layout-flex\">\n<figure class=\"wp-block-image size-full\"><a href=\"https:\/\/schule-glonn.de\/wp-content\/uploads\/2025\/07\/Ehrenamtstag-2025-THW-1.png\"><img loading=\"lazy\" decoding=\"async\" width=\"475\" height=\"421\" src=\"https:\/\/schule-glonn.de\/wp-content\/uploads\/2025\/07\/Ehrenamtstag-2025-THW-1.png\" alt=\"\" class=\"wp-image-1821\" srcset=\"https:\/\/schule-glonn.de\/wp-content\/uploads\/2025\/07\/Ehrenamtstag-2025-THW-1.png 475w, https:\/\/schule-glonn.de\/wp-content\/uploads\/2025\/07\/Ehrenamtstag-2025-THW-1-300x266.png 300w\" sizes=\"(max-width: 475px) 100vw, 475px\" \/><\/a><\/figure>\n\n\n\n<figure class=\"wp-block-image size-full is-resized\"><a href=\"https:\/\/schule-glonn.de\/wp-content\/uploads\/2025\/07\/Ehrenamtstag-2025-Rettungshunde-1.png\"><img loading=\"lazy\" decoding=\"async\" width=\"212\" height=\"408\" src=\"https:\/\/schule-glonn.de\/wp-content\/uploads\/2025\/07\/Ehrenamtstag-2025-Rettungshunde-1.png\" alt=\"\" class=\"wp-image-1819\" style=\"width:220px;height:auto\" srcset=\"https:\/\/schule-glonn.de\/wp-content\/uploads\/2025\/07\/Ehrenamtstag-2025-Rettungshunde-1.png 212w, https:\/\/schule-glonn.de\/wp-content\/uploads\/2025\/07\/Ehrenamtstag-2025-Rettungshunde-1-156x300.png 156w\" sizes=\"(max-width: 212px) 100vw, 212px\" \/><\/a><\/figure>\n<\/div>\n<\/div><\/div>\n\n\n\n<div class=\"wp-block-columns is-layout-flex wp-container-core-columns-layout-1 wp-block-columns-is-layout-flex\">\n<div class=\"wp-block-column is-layout-flow wp-block-column-is-layout-flow\" style=\"flex-basis:100%\"><\/div>\n<\/div>\n\n\n\n<figure class=\"wp-block-gallery has-nested-images columns-default is-cropped wp-block-gallery-1 is-layout-flex wp-block-gallery-is-layout-flex\"><\/figure>\n","protected":false},"excerpt":{"rendered":"<p>Die Sch\u00fclerinnen und Sch\u00fcler der Grund- und Mittelschule Glonn staunten am Mittwoch, den 23.07. nicht schlecht dar\u00fcber, wie viele verschiedene Ehren\u00e4mter es in und um Glonn herum so gibt! An einem ganzen Schultag durften die Kinder und Jugendlichen diese bei bestem Wetter n\u00e4her kennenlernen und waren dabei selbst sehr aktiv! Welch ein Engagement von all den Freiwilligen, die nicht nur<\/p>\n","protected":false},"author":2,"featured_media":1815,"parent":36,"menu_order":2,"comment_status":"closed","ping_status":"closed","template":"","meta":{"footnotes":""},"_links":{"self":[{"href":"https:\/\/schule-glonn.de\/index.php?rest_route=\/wp\/v2\/pages\/1818"}],"collection":[{"href":"https:\/\/schule-glonn.de\/index.php?rest_route=\/wp\/v2\/pages"}],"about":[{"href":"https:\/\/schule-glonn.de\/index.php?rest_route=\/wp\/v2\/types\/page"}],"author":[{"embeddable":true,"href":"https:\/\/schule-glonn.de\/index.php?rest_route=\/wp\/v2\/users\/2"}],"replies":[{"embeddable":true,"href":"https:\/\/schule-glonn.de\/index.php?rest_route=%2Fwp%2Fv2%2Fcomments&post=1818"}],"version-history":[{"count":1,"href":"https:\/\/schule-glonn.de\/index.php?rest_route=\/wp\/v2\/pages\/1818\/revisions"}],"predecessor-version":[{"id":1822,"href":"https:\/\/schule-glonn.de\/index.php?rest_route=\/wp\/v2\/pages\/1818\/revisions\/1822"}],"up":[{"embeddable":true,"href":"https:\/\/schule-glonn.de\/index.php?rest_route=\/wp\/v2\/pages\/36"}],"wp:featuredmedia":[{"embeddable":true,"href":"https:\/\/schule-glonn.de\/index.php?rest_route=\/wp\/v2\/media\/1815"}],"wp:attachment":[{"href":"https:\/\/schule-glonn.de\/index.php?rest_route=%2Fwp%2Fv2%2Fmedia&parent=1818"}],"curies":[{"name":"wp","href":"https:\/\/api.w.org\/{rel}","templated":true}]}}