{"id":1834,"date":"2025-09-30T06:24:50","date_gmt":"2025-09-30T06:24:50","guid":{"rendered":"https:\/\/schule-glonn.de\/?page_id=1834"},"modified":"2025-10-24T09:10:25","modified_gmt":"2025-10-24T09:10:25","slug":"feierlicher-start-ins-neue-schuljahr-am-16-september-2025","status":"publish","type":"page","link":"https:\/\/schule-glonn.de\/?page_id=1834","title":{"rendered":"Feierlicher Start ins neue Schuljahr am 16. September 2025"},"content":{"rendered":"\n<p>Nach den sechsw\u00f6chigen Sommerferien herrschte am 16. September gespannte Vorfreude auf dem Schulgel\u00e4nde, als das neue Schuljahr offiziell begann. Besonders aufregend war dieser Tag f\u00fcr die neuen F\u00fcnftkl\u00e4ssler, die mit einer festlich dekorierten Turnhalle empfangen wurden \u2013 liebevoll mit Herzen geschm\u00fcckt. W\u00e4hrend einige Kinder bereits mit dem Schulhaus vertraut waren, betraten andere es zum ersten Mal und gewannen viele neue Eindr\u00fccke.<br><br><\/p>\n\n\n\n<p>Die Schulleiterin Doris Pfefferkorn hie\u00df die Sch\u00fclerinnen und Sch\u00fcler der 5. Klasse herzlich willkommen, bevor Herr Strau\u00df, der zuk\u00fcnftige Klassenlehrer, seine neue Klasse erstmals pers\u00f6nlich begr\u00fc\u00dfte. Ein besonderes Highlight bot die 6. Klasse, die ihren Nachfolgern gute W\u00fcnsche in Form von Mutmach-Spr\u00fcchen \u00fcberreichte und sie anschlie\u00dfend feierlich durch ein Spalier in ihr neues Klassenzimmer geleitete.<\/p>\n\n\n\n<p>Auch f\u00fcr die Erstkl\u00e4ssler war dieser Tag ein ganz besonderes Ereignis \u2013 voller Aufregung, Neugier und einer Prise Nervosit\u00e4t. Was wohl in der Schult\u00fcte stecken mochte? Und wie w\u00fcrde die neue Lehrerin sein? Ebenfalls in der liebevoll dekorierten Turnhalle richtete die Schulleiterin Doris Pfefferkorn ihre Willkommensworte an die frisch gebackenen Schulkinder sowie deren Familien.<\/p>\n\n\n\n<p>Die Kinder der Klasse 2a f\u00fchrten zu Ehren der neuen Erstkl\u00e4ssler ein Theaterst\u00fcck auf, welches beim Publikum sehr gut ankam und f\u00fcr einige Lacher sorgte. Dann war es endlich soweit: Die Klassenlehrerinnen Frau Riedl, Frau Wei\u00dfer und Frau Harder nahmen ihre neuen Sch\u00fclerinnen und Sch\u00fcler in Empfang und f\u00fchrten sie in ihre Klassenzimmer \u2013 hinein ins Abenteuer Schule. Dort wurde nicht nur der Schulstart gefeiert, sondern auch schon das ein oder andere Neue gelernt. Nat\u00fcrlich durfte ein Erinnerungsfoto mit den farbenfrohen, reich gef\u00fcllten Schult\u00fcten nicht fehlen. Sp\u00e4ter konnten diese dann endlich zu Hause im Kreis der Familie ge\u00f6ffnet werden.<\/p>\n\n\n\n<p>(Text: Alina Ditterich)<\/p>\n\n\n\n<p>(Foto: Barbar Riedl)<br><br><\/p>\n","protected":false},"excerpt":{"rendered":"<p>Nach den sechsw\u00f6chigen Sommerferien herrschte am 16. September gespannte Vorfreude auf dem Schulgel\u00e4nde, als das neue Schuljahr offiziell begann. Besonders aufregend war dieser Tag f\u00fcr die neuen F\u00fcnftkl\u00e4ssler, die mit einer festlich dekorierten Turnhalle empfangen wurden \u2013 liebevoll mit Herzen geschm\u00fcckt. W\u00e4hrend einige Kinder bereits mit dem Schulhaus vertraut waren, betraten andere es zum ersten Mal und gewannen viele neue<\/p>\n","protected":false},"author":2,"featured_media":1835,"parent":1238,"menu_order":0,"comment_status":"closed","ping_status":"closed","template":"","meta":{"footnotes":""},"_links":{"self":[{"href":"https:\/\/schule-glonn.de\/index.php?rest_route=\/wp\/v2\/pages\/1834"}],"collection":[{"href":"https:\/\/schule-glonn.de\/index.php?rest_route=\/wp\/v2\/pages"}],"about":[{"href":"https:\/\/schule-glonn.de\/index.php?rest_route=\/wp\/v2\/types\/page"}],"author":[{"embeddable":true,"href":"https:\/\/schule-glonn.de\/index.php?rest_route=\/wp\/v2\/users\/2"}],"replies":[{"embeddable":true,"href":"https:\/\/schule-glonn.de\/index.php?rest_route=%2Fwp%2Fv2%2Fcomments&post=1834"}],"version-history":[{"count":1,"href":"https:\/\/schule-glonn.de\/index.php?rest_route=\/wp\/v2\/pages\/1834\/revisions"}],"predecessor-version":[{"id":1836,"href":"https:\/\/schule-glonn.de\/index.php?rest_route=\/wp\/v2\/pages\/1834\/revisions\/1836"}],"up":[{"embeddable":true,"href":"https:\/\/schule-glonn.de\/index.php?rest_route=\/wp\/v2\/pages\/1238"}],"wp:featuredmedia":[{"embeddable":true,"href":"https:\/\/schule-glonn.de\/index.php?rest_route=\/wp\/v2\/media\/1835"}],"wp:attachment":[{"href":"https:\/\/schule-glonn.de\/index.php?rest_route=%2Fwp%2Fv2%2Fmedia&parent=1834"}],"curies":[{"name":"wp","href":"https:\/\/api.w.org\/{rel}","templated":true}]}}