{"id":1860,"date":"2026-03-26T12:25:12","date_gmt":"2026-03-26T12:25:12","guid":{"rendered":"https:\/\/schule-glonn.de\/?page_id=1860"},"modified":"2026-03-26T12:25:12","modified_gmt":"2026-03-26T12:25:12","slug":"sechzig-jahr-blondes-haar-wir-gratulieren-ihr","status":"publish","type":"page","link":"https:\/\/schule-glonn.de\/?page_id=1860","title":{"rendered":"\u201eSechzig Jahr, blondes Haar, wir gratulieren ihr,"},"content":{"rendered":"\n<p>sechzig Jahr, blondes Haar, heute feiern wir!\u201c<\/p>\n\n\n\n<p>Nein, der ber\u00fchmte \u2013 und hier leicht abgewandelte \u2013 Schlager von Udo J\u00fcrgens aus dem Jahr 1965 wurde nicht gespielt auf der Feier anl\u00e4sslich des runden Geburtstags von Schulleiterin Doris Pfefferkorn.<\/p>\n\n\n\n<p>Daf\u00fcr wurde jedoch ein wahres Feuerwerk an musikalischen und t\u00e4nzerischen Einlagen gez\u00fcndet, welches die Jubilarin sichtlich bewegte und das ein oder andere Mal mit den Tr\u00e4nen k\u00e4mpfen lie\u00df.<\/p>\n\n\n\n<p>Mitgeteilt hatte man der Rektorin im unmittelbaren Vorfeld der Feierlichkeiten nur, dass sie bitte in ihrem B\u00fcro bleiben und auf ihr Geleit warten m\u00f6ge. Und so trat diese am Freitag, den 13. M\u00e4rz, schlie\u00dflich sichtlich ger\u00fchrt in eine mit Herzen und 60-Jahre-Girlanden geschm\u00fcckte Turnhalle, welche bis auf den letzten Platz gef\u00fcllt war mit dem Kollegium der Grund- und Mittelschule Glonn sowie der gesamten Sch\u00fclerschaft von der ersten bis hinauf zur neunten Klasse.<\/p>\n\n\n\n<p>Doris Pfefferkorn wurde zu einem kunstvoll geschm\u00fcckten \u201eBali-Bett\u201c gef\u00fchrt, wo ihr standesgem\u00e4\u00df auch noch der \u201eCocktail des Tages\u201c kredenzt wurde. Von diesem Logenplatz aus lauschte das Geburtstagskind dann sowohl dem z\u00fcnftigen Auftakt der Bl\u00e4serbande als auch der Er\u00f6ffnungsrede von Konrektorin Claudia Zetl, in der die langj\u00e4hrigen Verdienste und Leistungen der Schulleiterin mit dem sprachlichen Bild einer Kapit\u00e4nin, die ihr Schiff sicher durch ruhige wie st\u00fcrmische Zeiten navigiert, gew\u00fcrdigt wurden.<\/p>\n\n\n\n<p>Die Rektorin durfte sich sowohl \u00fcber ein zuckers\u00fc\u00dfes Geburtstagslied der j\u00fcngeren Schulkinder freuen als auch \u00fcber ein schmissiges, bayerisches Musikst\u00fcck der unteren Jahrgangsstufen der Mittelschule. Ein Gedicht der Grundsch\u00fcler durfte ebenso nicht fehlen wie ein Tanz der Trachtler Gruppe und eine zeitgen\u00f6ssische Choreografie einer Formation von M\u00e4dchen aus der siebten Klasse. Letztere hauchte dem vielzitierten Begriff der \u201eInklusion\u201c echtes Leben ein und r\u00fchrte damit so manchen Zuschauenden zu Tr\u00e4nen.<\/p>\n\n\n\n<p>Bei so viel Einsatz seitens der Sch\u00fclerinnen und Sch\u00fcler durfte sich nat\u00fcrlich auch das Lehrerkollegium nicht lumpen lassen und performte zu einer umgedichteten Version von Del Shannons \u201eRunaway\u201c, welche kurzerhand zu \u201eMy little Peppercorn\u201c mutierte.<\/p>\n\n\n\n<p>Ein weiteres besonderes Highlight der Festlichkeiten soll an dieser Stelle nicht verschwiegen werden: Doris Pfefferkorn, leidenschaftliche Boogie-T\u00e4nzerin, legte mit ihrem Gatten Rudi ein derart flottes T\u00e4nzchen hin, dass die Halle tobte und laute Jubelrufe erklangen.<\/p>\n\n\n\n<p>Wer k\u00fcnftig noch behauptet, ein Freitag der 13. k\u00f6nne kein Gl\u00fcckstag sein, der war wohl leider nicht zu Gast bei der Geburtstagsfeier von Schulleiterin Doris Pfefferkorn, die sie gemeinsam mit ihrer gro\u00dfen Schulfamilie beging.<\/p>\n\n\n\n<p>Die M\u00e4dchen und Jungen der Grund- und Mittelschule werden diesen Tag sicherlich auch in guter Erinnerung behalten, nicht zuletzt, weil \u201edie Chefin\u201c am Ende noch einen hausaufgabenfreien Nachmittag f\u00fcr alle versprach.<\/p>\n\n\n\n<p>Wir w\u00fcnschen Doris Pfefferkorn weiterhin viel Gesundheit, Gl\u00fcck und Freude und dass sie das Tanzbein auf dem schulischen wie au\u00dferschulischen Parkett noch lange schwingen kann!<\/p>\n\n\n\n<p><em>Catharina Strehle f\u00fcr die Grund- und Mittelschule Glonn<\/em><\/p>\n\n\n\n<figure class=\"wp-block-image size-large\"><a href=\"https:\/\/schule-glonn.de\/wp-content\/uploads\/2026\/03\/shared-image-1.jpg\"><img loading=\"lazy\" decoding=\"async\" width=\"768\" height=\"1024\" src=\"https:\/\/schule-glonn.de\/wp-content\/uploads\/2026\/03\/shared-image-1-768x1024.jpg\" alt=\"\" class=\"wp-image-1861\" srcset=\"https:\/\/schule-glonn.de\/wp-content\/uploads\/2026\/03\/shared-image-1-768x1024.jpg 768w, https:\/\/schule-glonn.de\/wp-content\/uploads\/2026\/03\/shared-image-1-225x300.jpg 225w, https:\/\/schule-glonn.de\/wp-content\/uploads\/2026\/03\/shared-image-1-1152x1536.jpg 1152w, https:\/\/schule-glonn.de\/wp-content\/uploads\/2026\/03\/shared-image-1.jpg 1512w\" sizes=\"(max-width: 768px) 100vw, 768px\" \/><\/a><\/figure>\n","protected":false},"excerpt":{"rendered":"<p>sechzig Jahr, blondes Haar, heute feiern wir!\u201c Nein, der ber\u00fchmte \u2013 und hier leicht abgewandelte \u2013 Schlager von Udo J\u00fcrgens aus dem Jahr 1965 wurde nicht gespielt auf der Feier anl\u00e4sslich des runden Geburtstags von Schulleiterin Doris Pfefferkorn. Daf\u00fcr wurde jedoch ein wahres Feuerwerk an musikalischen und t\u00e4nzerischen Einlagen gez\u00fcndet, welches die Jubilarin sichtlich bewegte und das ein oder andere<\/p>\n","protected":false},"author":2,"featured_media":0,"parent":1698,"menu_order":0,"comment_status":"closed","ping_status":"closed","template":"","meta":{"footnotes":""},"_links":{"self":[{"href":"https:\/\/schule-glonn.de\/index.php?rest_route=\/wp\/v2\/pages\/1860"}],"collection":[{"href":"https:\/\/schule-glonn.de\/index.php?rest_route=\/wp\/v2\/pages"}],"about":[{"href":"https:\/\/schule-glonn.de\/index.php?rest_route=\/wp\/v2\/types\/page"}],"author":[{"embeddable":true,"href":"https:\/\/schule-glonn.de\/index.php?rest_route=\/wp\/v2\/users\/2"}],"replies":[{"embeddable":true,"href":"https:\/\/schule-glonn.de\/index.php?rest_route=%2Fwp%2Fv2%2Fcomments&post=1860"}],"version-history":[{"count":1,"href":"https:\/\/schule-glonn.de\/index.php?rest_route=\/wp\/v2\/pages\/1860\/revisions"}],"predecessor-version":[{"id":1862,"href":"https:\/\/schule-glonn.de\/index.php?rest_route=\/wp\/v2\/pages\/1860\/revisions\/1862"}],"up":[{"embeddable":true,"href":"https:\/\/schule-glonn.de\/index.php?rest_route=\/wp\/v2\/pages\/1698"}],"wp:attachment":[{"href":"https:\/\/schule-glonn.de\/index.php?rest_route=%2Fwp%2Fv2%2Fmedia&parent=1860"}],"curies":[{"name":"wp","href":"https:\/\/api.w.org\/{rel}","templated":true}]}}