{"id":1864,"date":"2026-04-22T09:14:27","date_gmt":"2026-04-22T09:14:27","guid":{"rendered":"https:\/\/schule-glonn.de\/?page_id=1864"},"modified":"2026-04-22T09:14:27","modified_gmt":"2026-04-22T09:14:27","slug":"in-zinneberg-beim-osterhasen","status":"publish","type":"page","link":"https:\/\/schule-glonn.de\/?page_id=1864","title":{"rendered":"In Zinneberg beim Osterhasen"},"content":{"rendered":"\n<p>Kurz vor den Osterferien spazierten die Klassen 1a und 1b nach Zinneberg in der Hoffnung, dem Osterhasen zu begegnen. Und tats\u00e4chlich hatte der dort in Gestalt einiger Jugendlicher und deren Betreuer:innen gut gef\u00fcllte Osternester auf dem Gel\u00e4nde vor dem Kloster versteckt.<\/p>\n\n\n<div class=\"wp-block-image\">\n<figure class=\"aligncenter size-large is-resized\"><a href=\"https:\/\/schule-glonn.de\/wp-content\/uploads\/2026\/04\/Schloss_Zinneberg_mitBrunnen-1.jpg\"><img loading=\"lazy\" decoding=\"async\" width=\"1024\" height=\"768\" src=\"https:\/\/schule-glonn.de\/wp-content\/uploads\/2026\/04\/Schloss_Zinneberg_mitBrunnen-1-1024x768.jpg\" alt=\"\" class=\"wp-image-1869\" style=\"width:376px;height:auto\" srcset=\"https:\/\/schule-glonn.de\/wp-content\/uploads\/2026\/04\/Schloss_Zinneberg_mitBrunnen-1-1024x768.jpg 1024w, https:\/\/schule-glonn.de\/wp-content\/uploads\/2026\/04\/Schloss_Zinneberg_mitBrunnen-1-300x225.jpg 300w, https:\/\/schule-glonn.de\/wp-content\/uploads\/2026\/04\/Schloss_Zinneberg_mitBrunnen-1-768x576.jpg 768w, https:\/\/schule-glonn.de\/wp-content\/uploads\/2026\/04\/Schloss_Zinneberg_mitBrunnen-1-1536x1152.jpg 1536w, https:\/\/schule-glonn.de\/wp-content\/uploads\/2026\/04\/Schloss_Zinneberg_mitBrunnen-1.jpg 2000w\" sizes=\"(max-width: 1024px) 100vw, 1024px\" \/><\/a><\/figure><\/div>\n\n\n<p>Zuvor hatten die Kinder im Werkunterricht Nester gebastelt, die anschlie\u00dfend (zum Teil) von Eltern bef\u00fcllt wurden. Schlie\u00dflich gelangten die Osternester nach Zinneberg, wo der Osterhase ideenreiche und fachkundige Hilfe von der Kinder- und Jugendhilfeeinrichtung Schloss Zinneberg erhielt. Sch\u00fcler:innen des Flexiblen F\u00f6rderprogramms FLLAPS bereiteten Baumscheiben vor, auf denen die Nester \u201eunfallfrei\u201c in der Natur versteckt werden konnten. Au\u00dferdem fertigten sie einen Plan der Verstecke an, damit sp\u00e4ter alle Nester wieder auffindbar waren. P\u00fcnktlich vor dem \u2013 zeitlich versetzten \u2013 Eintreffen der 1. Klassen war alles vorbereitet, sodass die Kinder sich fr\u00f6hlich auf die Suche machen konnten.<\/p>\n\n\n<div class=\"wp-block-image\">\n<figure class=\"aligncenter size-large is-resized\"><a href=\"https:\/\/schule-glonn.de\/wp-content\/uploads\/2026\/04\/Osternester_3Kinder.jpg\"><img loading=\"lazy\" decoding=\"async\" width=\"1024\" height=\"768\" src=\"https:\/\/schule-glonn.de\/wp-content\/uploads\/2026\/04\/Osternester_3Kinder-1024x768.jpg\" alt=\"\" class=\"wp-image-1866\" style=\"width:441px;height:auto\" srcset=\"https:\/\/schule-glonn.de\/wp-content\/uploads\/2026\/04\/Osternester_3Kinder-1024x768.jpg 1024w, https:\/\/schule-glonn.de\/wp-content\/uploads\/2026\/04\/Osternester_3Kinder-300x225.jpg 300w, https:\/\/schule-glonn.de\/wp-content\/uploads\/2026\/04\/Osternester_3Kinder-768x576.jpg 768w, https:\/\/schule-glonn.de\/wp-content\/uploads\/2026\/04\/Osternester_3Kinder-1536x1152.jpg 1536w, https:\/\/schule-glonn.de\/wp-content\/uploads\/2026\/04\/Osternester_3Kinder.jpg 2000w\" sizes=\"(max-width: 1024px) 100vw, 1024px\" \/><\/a><\/figure><\/div>\n\n\n<p>Diese gemeinsame Aktion der Jugendhilfeeinrichtung Schloss Zinneberg und der Grundschule Glonn ist inzwischen zur Tradition geworden und ein Gewinn f\u00fcr alle Beteiligten. Sch\u00fclerinnen und Sch\u00fcler des F\u00f6rderprogramms erhalten eine Aufgabe, die sie mit sichtlichem Stolz und Freude gegen\u00fcber den Erstkl\u00e4sslern ausf\u00fchren. Z. B. erkl\u00e4rte eine Jugendliche Regeln f\u00fcr die Suche nach den Nestern, eine andere half den Kindern, falls ein Nest trotz intensiver Suche nicht gefunden wurde. Und die Kinder haben allemal Spa\u00df an der Suche nach ihrem Osternest.<\/p>\n\n\n<div class=\"wp-block-image\">\n<figure class=\"aligncenter size-large is-resized\"><a href=\"https:\/\/schule-glonn.de\/wp-content\/uploads\/2026\/04\/Schuelerbild_Zinneberg-1.jpg\"><img loading=\"lazy\" decoding=\"async\" width=\"611\" height=\"1024\" src=\"https:\/\/schule-glonn.de\/wp-content\/uploads\/2026\/04\/Schuelerbild_Zinneberg-1-611x1024.jpg\" alt=\"\" class=\"wp-image-1870\" style=\"width:348px;height:auto\" srcset=\"https:\/\/schule-glonn.de\/wp-content\/uploads\/2026\/04\/Schuelerbild_Zinneberg-1-611x1024.jpg 611w, https:\/\/schule-glonn.de\/wp-content\/uploads\/2026\/04\/Schuelerbild_Zinneberg-1-179x300.jpg 179w, https:\/\/schule-glonn.de\/wp-content\/uploads\/2026\/04\/Schuelerbild_Zinneberg-1-768x1288.jpg 768w, https:\/\/schule-glonn.de\/wp-content\/uploads\/2026\/04\/Schuelerbild_Zinneberg-1-916x1536.jpg 916w, https:\/\/schule-glonn.de\/wp-content\/uploads\/2026\/04\/Schuelerbild_Zinneberg-1.jpg 1193w\" sizes=\"(max-width: 611px) 100vw, 611px\" \/><\/a><\/figure><\/div>\n\n\n<p>Die beiden 1. Klassen in Glonn bedanken sich zusammen mit ihren Lehrerinnen herzlich bei den Sch\u00fclerinnen und Sch\u00fclern sowie deren Betreuerinnen und Betreuern f\u00fcr die gelungene Aktion. Vielen Dank an Frau Bock, die sich nun das dritte Jahr in Folge f\u00fcr diese Kooperation der beiden Schulen engagiert.<\/p>\n\n\n\n<p>Ursula Harder<\/p>\n\n\n\n<p>(f\u00fcr die Klassenlehrerinnen der beiden 1. Klassen in Glonn)<\/p>\n","protected":false},"excerpt":{"rendered":"<p>Kurz vor den Osterferien spazierten die Klassen 1a und 1b nach Zinneberg in der Hoffnung, dem Osterhasen zu begegnen. Und tats\u00e4chlich hatte der dort in Gestalt einiger Jugendlicher und deren Betreuer:innen gut gef\u00fcllte Osternester auf dem Gel\u00e4nde vor dem Kloster versteckt. Zuvor hatten die Kinder im Werkunterricht Nester gebastelt, die anschlie\u00dfend (zum Teil) von Eltern bef\u00fcllt wurden. Schlie\u00dflich gelangten die<\/p>\n","protected":false},"author":2,"featured_media":0,"parent":1238,"menu_order":0,"comment_status":"closed","ping_status":"closed","template":"","meta":{"footnotes":""},"_links":{"self":[{"href":"https:\/\/schule-glonn.de\/index.php?rest_route=\/wp\/v2\/pages\/1864"}],"collection":[{"href":"https:\/\/schule-glonn.de\/index.php?rest_route=\/wp\/v2\/pages"}],"about":[{"href":"https:\/\/schule-glonn.de\/index.php?rest_route=\/wp\/v2\/types\/page"}],"author":[{"embeddable":true,"href":"https:\/\/schule-glonn.de\/index.php?rest_route=\/wp\/v2\/users\/2"}],"replies":[{"embeddable":true,"href":"https:\/\/schule-glonn.de\/index.php?rest_route=%2Fwp%2Fv2%2Fcomments&post=1864"}],"version-history":[{"count":2,"href":"https:\/\/schule-glonn.de\/index.php?rest_route=\/wp\/v2\/pages\/1864\/revisions"}],"predecessor-version":[{"id":1871,"href":"https:\/\/schule-glonn.de\/index.php?rest_route=\/wp\/v2\/pages\/1864\/revisions\/1871"}],"up":[{"embeddable":true,"href":"https:\/\/schule-glonn.de\/index.php?rest_route=\/wp\/v2\/pages\/1238"}],"wp:attachment":[{"href":"https:\/\/schule-glonn.de\/index.php?rest_route=%2Fwp%2Fv2%2Fmedia&parent=1864"}],"curies":[{"name":"wp","href":"https:\/\/api.w.org\/{rel}","templated":true}]}}