{"id":246,"date":"2015-10-13T16:51:24","date_gmt":"2015-10-13T16:51:24","guid":{"rendered":"http:\/\/schule-glonn.de\/?page_id=246"},"modified":"2026-03-05T10:03:29","modified_gmt":"2026-03-05T10:03:29","slug":"schulsozialarbeit","status":"publish","type":"page","link":"https:\/\/schule-glonn.de\/?page_id=246","title":{"rendered":"Jugendsozialarbeit an Schulen (JaS)"},"content":{"rendered":"\n<div class=\"wp-block-group is-layout-constrained wp-block-group-is-layout-constrained\"><div class=\"wp-block-group__inner-container\">\n<p>\u00a0<\/p>\n<p>\u00a0<\/p>\n<p><strong>Arabela Rados<\/strong><\/p>\n<p>Jugendsozialarbeit (JaS)<\/p>\n<p>Grund- und Mittelschule Glonn<\/p>\n<p>Klosterweg\u00a0 10<\/p>\n<p>85625 Glonn<\/p>\n<p>Tel: 08093-905768<\/p>\n<p>Email: <a href=\"mailto:Arabella.Babic@jh-obb.de\">arabela.rados@jh-obb.de<\/a><\/p>\n<p><!-- [if gte vml 1]><v:shapetype id=\"_x0000_t75\" coordsize=\"21600,21600\" o:spt=\"75\" o:preferrelative=\"t\" path=\"m@4@5l@4@11@9@11@9@5xe\" filled=\"f\" stroked=\"f\">\n<v:stroke joinstyle=\"miter\"\/>\n<v:formulas>\n<v:f eqn=\"if lineDrawn pixelLineWidth 0\"\/>\n<v:f eqn=\"sum @0 1 0\"\/>\n<v:f eqn=\"sum 0 0 @1\"\/>\n<v:f eqn=\"prod @2 1 2\"\/>\n<v:f eqn=\"prod @3 21600 pixelWidth\"\/>\n<v:f eqn=\"prod @3 21600 pixelHeight\"\/>\n<v:f eqn=\"sum @0 0 1\"\/>\n<v:f eqn=\"prod @6 1 2\"\/>\n<v:f eqn=\"prod @7 21600 pixelWidth\"\/>\n<v:f eqn=\"sum @8 21600 0\"\/>\n<v:f eqn=\"prod @7 21600 pixelHeight\"\/>\n<v:f eqn=\"sum @10 21600 0\"\/>\n<\/v:formulas>\n<v:path o:extrusionok=\"f\" gradientshapeok=\"t\" o:connecttype=\"rect\"\/>\n<o:lock v:ext=\"edit\" aspectratio=\"t\"\/>\n<\/v:shapetype><v:shape id=\"Bild_x0020_2\" o:spid=\"_x0000_s1026\" type=\"#_x0000_t75\" alt=\"http:\/\/www.humboldt-gym.de\/fileadmin\/schule\/ogts\/Jugendhilfe-Logo-Quadrant_1__1_.jpg\" style='position:absolute;margin-left:683.9pt;margin-top:15.3pt;width:128.25pt; height:128.25pt;z-index:-1;visibility:visible' wrapcoords=\"-126 0 -126 21474 21600 21474 21600 0 -126 0\">\n<v:imagedata src=\"file:\/\/\/C:\\Users\\ursi\\AppData\\Local\\Temp\\msohtml1\\01\\clip_image001.jpg\" o:title=\"\"\/>\n<w:wrap type=\"tight\"\/>\n<\/v:shape><![endif]--><!-- [if !vml]--><\/p>\n<p><strong style=\"font-size: 0.95em;\"><span style=\"text-decoration: underline;\">An wen richtet sich das Beratungsangebot?<\/span><\/strong><\/p>\n<p>Jugendsozialarbeit an Schulen richtet sich an Kinder und Jugendliche, die besondere Unterst\u00fctzung bei\u00a0schulischen, pers\u00f6nlichen oder famili\u00e4ren Problemen ben\u00f6tigen.<\/p>\n<p><strong>An die Sch\u00fcler\/-innen:<\/strong><\/p>\n<ul>\n<li>Bei Konflikten in der Familie oder im Freundeskreis<\/li>\n<li>Bei pers\u00f6nlichen Problemen<\/li>\n<li>Bei Schwierigkeiten in der Schule<\/li>\n<li>Bei Gef\u00e4hrdung des Schulabschlusses<\/li>\n<li>Beim \u00dcbergang von der Schule in den Beruf<\/li>\n<\/ul>\n<p><strong>An die Eltern:<\/strong><\/p>\n<ul>\n<li>Unterst\u00fctzung bei Erziehungsfragen<\/li>\n<li>Bei der Vermittlung in au\u00dferschulische Einrichtungen und Beratungsstellen<\/li>\n<li>Beim Kontakt zwischen Elternhaus und Schule<\/li>\n<\/ul>\n<p><strong>\u00a0<\/strong><strong>An die Lehrer\/Innen:<\/strong><\/p>\n<ul>\n<li>Bei sozialer Gruppenarbeit<\/li>\n<li>Bei der Unterst\u00fctzung in Einzelf\u00e4llen<\/li>\n<li>Zur Vernetzung und Kooperation mit anderen Institutionen.<\/li>\n<\/ul>\n<p><strong>\u00a0<\/strong><\/p>\n<p><strong>Die Inhalte der Gespr\u00e4che werden vertraulich behandelt und die Beratung ist kostenlos.<\/strong><\/p>\n<p><strong>\u00a0<\/strong><strong>\u00a0<\/strong><\/p>\n<p><strong><span style=\"text-decoration: underline;\">Wie arbeitet die Jugendsozialarbeit? <\/span><\/strong><\/p>\n<p><strong>\u00a0<\/strong>Jugendsozialarbeit an Schulen bildet eine Br\u00fccke zwischen Schule, Familie, Jugendhilfe und Gemeinwesen. Dies geschieht durch:<\/p>\n<p><strong>Einzelfallhilfe:<\/strong><\/p>\n<p>In Einzel- oder Gruppengespr\u00e4chen werden gemeinsam L\u00f6sungswege bei pers\u00f6nlichen und beruflichen\u00a0Fragen oder Problemen erarbeitet.<\/p>\n<p><strong>Sozialp\u00e4dagogische Gruppenarbeit und Trainingskurse:<\/strong><\/p>\n<p>Zur St\u00e4rkung sozialer Kompetenzen insbesondere der Kommunikations- und Konfliktf\u00e4higkeit.<\/p>\n<p><strong>Elternarbeit:<\/strong><\/p>\n<p>Zur Kl\u00e4rung von innerfamili\u00e4ren Fragen oder Problemen,<\/p>\n<p>zur Entwicklung gemeinsamer, tragf\u00e4higer L\u00f6sungswege.<\/p>\n<p>Je nach Bedarf werden weitere Unterst\u00fctzungsma\u00dfnahmen vermittelt.<\/p>\n<p><strong>Netzwerkarbeit und Koordinierung:<\/strong><\/p>\n<p>Die Vernetzung mit anderen Institutionen und Einrichtungen ist wichtig. Bei Bedarf werden zus\u00e4tzliche\u00a0passgenaue Unterst\u00fctzungsm\u00f6glichkeiten gefunden und die Jugendlichen gegebenenfalls begleitet.<\/p>\n<p>Beachten Sie bitte auch folgendes Angebot der Schulsozialarbeit in Glonn:<\/p>\n<p><a href=\"http:\/\/schule-glonn.de\/wp-content\/uploads\/2019\/11\/Beratungsangebote-bei-Depression-und-Angstst\u00f6rung_1119.docx\">Beratungsangebote bei Depression und Angstst\u00f6rung_1119<\/a><\/p>\n<\/div><\/div>\n","protected":false},"excerpt":{"rendered":"<p>\u00a0 \u00a0 Arabela Rados Jugendsozialarbeit (JaS) Grund- und Mittelschule Glonn Klosterweg\u00a0 10 85625 Glonn Tel: 08093-905768 Email: arabela.rados@jh-obb.de An wen richtet sich das Beratungsangebot? Jugendsozialarbeit an Schulen richtet sich an Kinder und Jugendliche, die besondere Unterst\u00fctzung bei\u00a0schulischen, pers\u00f6nlichen oder famili\u00e4ren Problemen ben\u00f6tigen. An die Sch\u00fcler\/-innen: Bei Konflikten in der Familie oder im Freundeskreis Bei pers\u00f6nlichen Problemen Bei Schwierigkeiten in der<\/p>\n","protected":false},"author":2,"featured_media":0,"parent":1453,"menu_order":5,"comment_status":"closed","ping_status":"closed","template":"","meta":{"footnotes":""},"_links":{"self":[{"href":"https:\/\/schule-glonn.de\/index.php?rest_route=\/wp\/v2\/pages\/246"}],"collection":[{"href":"https:\/\/schule-glonn.de\/index.php?rest_route=\/wp\/v2\/pages"}],"about":[{"href":"https:\/\/schule-glonn.de\/index.php?rest_route=\/wp\/v2\/types\/page"}],"author":[{"embeddable":true,"href":"https:\/\/schule-glonn.de\/index.php?rest_route=\/wp\/v2\/users\/2"}],"replies":[{"embeddable":true,"href":"https:\/\/schule-glonn.de\/index.php?rest_route=%2Fwp%2Fv2%2Fcomments&post=246"}],"version-history":[{"count":15,"href":"https:\/\/schule-glonn.de\/index.php?rest_route=\/wp\/v2\/pages\/246\/revisions"}],"predecessor-version":[{"id":1855,"href":"https:\/\/schule-glonn.de\/index.php?rest_route=\/wp\/v2\/pages\/246\/revisions\/1855"}],"up":[{"embeddable":true,"href":"https:\/\/schule-glonn.de\/index.php?rest_route=\/wp\/v2\/pages\/1453"}],"wp:attachment":[{"href":"https:\/\/schule-glonn.de\/index.php?rest_route=%2Fwp%2Fv2%2Fmedia&parent=246"}],"curies":[{"name":"wp","href":"https:\/\/api.w.org\/{rel}","templated":true}]}}