{"id":636,"date":"2017-11-11T12:25:57","date_gmt":"2017-11-11T12:25:57","guid":{"rendered":"http:\/\/schule-glonn.de\/?page_id=636"},"modified":"2022-02-21T08:21:35","modified_gmt":"2022-02-21T08:21:35","slug":"foerderverein","status":"publish","type":"page","link":"https:\/\/schule-glonn.de\/?page_id=636","title":{"rendered":"F\u00f6rderverein"},"content":{"rendered":"<p><a href=\"http:\/\/schule-glonn.de\/wp-content\/uploads\/2022\/02\/cropped-Logo_FGM-1-002.jpg\"><img loading=\"lazy\" decoding=\"async\" class=\"alignnone  wp-image-1484\" src=\"http:\/\/schule-glonn.de\/wp-content\/uploads\/2022\/02\/cropped-Logo_FGM-1-002-300x300.jpg\" alt=\"\" width=\"131\" height=\"131\" srcset=\"https:\/\/schule-glonn.de\/wp-content\/uploads\/2022\/02\/cropped-Logo_FGM-1-002-300x300.jpg 300w, https:\/\/schule-glonn.de\/wp-content\/uploads\/2022\/02\/cropped-Logo_FGM-1-002-150x150.jpg 150w, https:\/\/schule-glonn.de\/wp-content\/uploads\/2022\/02\/cropped-Logo_FGM-1-002-90x90.jpg 90w, https:\/\/schule-glonn.de\/wp-content\/uploads\/2022\/02\/cropped-Logo_FGM-1-002-75x75.jpg 75w, https:\/\/schule-glonn.de\/wp-content\/uploads\/2022\/02\/cropped-Logo_FGM-1-002.jpg 512w\" sizes=\"(max-width: 131px) 100vw, 131px\" \/><\/a><\/p>\n<h1>STARK f\u00fcr die Zukunft<\/h1>\n<p>Die Bildung junger Menschen geh\u00f6rt zu den wichtigsten gesellschaftlichen Aufgaben.<\/p>\n<p>Projekte, Unterrichtsg\u00e4nge und Besuche externer Fachleute im Unterricht machen das Lernen erst richtig lebendig und bringen Bewegung sowie Abwechslung in den Schulalltag.<\/p>\n<p>Diese Aktivit\u00e4ten erfordern jedoch Engagement und finanzielle Mittel. Um sie unseren Sch\u00fcler\/innen trotzdem zu erm\u00f6glichen, hat sich unser F\u00f6rderverein gegr\u00fcndet.<\/p>\n<p>Mit unserem Engagement m\u00f6chten wir weitere Bildungsprojekte an unserer Schule mit finanzieren.<\/p>\n<p><strong>Unterst\u00fctzen <\/strong>Sie uns mit Ihrer Mitgliedschaft!<\/p>\n<p>Mehr Info&#8217;s finden Sie hier unter <a href=\"https:\/\/www.fgm-glonn.de\">www.fgm-glonn.de<\/a><\/p>\n<p>&nbsp;<\/p>\n","protected":false},"excerpt":{"rendered":"<p>STARK f\u00fcr die Zukunft Die Bildung junger Menschen geh\u00f6rt zu den wichtigsten gesellschaftlichen Aufgaben. Projekte, Unterrichtsg\u00e4nge und Besuche externer Fachleute im Unterricht machen das Lernen erst richtig lebendig und bringen Bewegung sowie Abwechslung in den Schulalltag. Diese Aktivit\u00e4ten erfordern jedoch Engagement und finanzielle Mittel. Um sie unseren Sch\u00fcler\/innen trotzdem zu erm\u00f6glichen, hat sich unser F\u00f6rderverein gegr\u00fcndet. Mit unserem Engagement m\u00f6chten<\/p>\n","protected":false},"author":2,"featured_media":0,"parent":1453,"menu_order":7,"comment_status":"closed","ping_status":"closed","template":"","meta":{"footnotes":""},"_links":{"self":[{"href":"https:\/\/schule-glonn.de\/index.php?rest_route=\/wp\/v2\/pages\/636"}],"collection":[{"href":"https:\/\/schule-glonn.de\/index.php?rest_route=\/wp\/v2\/pages"}],"about":[{"href":"https:\/\/schule-glonn.de\/index.php?rest_route=\/wp\/v2\/types\/page"}],"author":[{"embeddable":true,"href":"https:\/\/schule-glonn.de\/index.php?rest_route=\/wp\/v2\/users\/2"}],"replies":[{"embeddable":true,"href":"https:\/\/schule-glonn.de\/index.php?rest_route=%2Fwp%2Fv2%2Fcomments&post=636"}],"version-history":[{"count":4,"href":"https:\/\/schule-glonn.de\/index.php?rest_route=\/wp\/v2\/pages\/636\/revisions"}],"predecessor-version":[{"id":1485,"href":"https:\/\/schule-glonn.de\/index.php?rest_route=\/wp\/v2\/pages\/636\/revisions\/1485"}],"up":[{"embeddable":true,"href":"https:\/\/schule-glonn.de\/index.php?rest_route=\/wp\/v2\/pages\/1453"}],"wp:attachment":[{"href":"https:\/\/schule-glonn.de\/index.php?rest_route=%2Fwp%2Fv2%2Fmedia&parent=636"}],"curies":[{"name":"wp","href":"https:\/\/api.w.org\/{rel}","templated":true}]}}